{"id":1029,"date":"2022-05-10T00:35:36","date_gmt":"2022-05-09T22:35:36","guid":{"rendered":"https:\/\/chateauderolle.ch\/?page_id=1029"},"modified":"2023-01-20T11:32:08","modified_gmt":"2023-01-20T10:32:08","slug":"madame-de-stael","status":"publish","type":"page","link":"https:\/\/chateauderolle.ch\/index.php\/madame-de-stael\/","title":{"rendered":"Madame de Stael"},"content":{"rendered":"<p><span style=\"font-size: 20px; color: #086b99;\"><strong>Madame de Stael de son bref passage \u00e0 Rolle<\/strong><\/span><\/p>\n<p style=\"text-align: justify;\"><img loading=\"lazy\" decoding=\"async\" class=\" wp-image-407 alignleft\" src=\"http:\/\/chateauderolle.ch\/wp-content\/uploads\/2022\/05\/germainedestael-231x300.jpg\" alt=\"\" width=\"280\" height=\"364\" srcset=\"https:\/\/chateauderolle.ch\/wp-content\/uploads\/2022\/05\/germainedestael-231x300.jpg 231w, https:\/\/chateauderolle.ch\/wp-content\/uploads\/2022\/05\/germainedestael.jpg 417w\" sizes=\"(max-width: 280px) 100vw, 280px\" \/><span style=\"font-size: 16px;\">En 1792 les Necker quitt\u00e8rent temporairement Coppet, alors troubl\u00e9 par la R\u00e9volution Genevoise, et, avec l&rsquo;aide de Gibbon, prirent une maison (toujours existante) au 99 Grande Rue \u00e0 Rolle, qui se trouvait du c\u00f4t\u00e9 s\u00fbr de la fronti\u00e8re Bernoise. <\/span><\/p>\n<p style=\"text-align: justify;\"><span style=\"font-size: 16px;\">C&rsquo;est ici, en septembre 1792, que Germaine arriva, elle-m\u00eame \u00e9chapp\u00e9e des massacres de septembre parisiens, o\u00f9 elle avait fait une apparition courageuse et terrifiante avant un comit\u00e9 de la Commune o\u00f9 se trouvaient Robespierre et Collot d\u2019Herbois (un ancien directeur du th\u00e9\u00e2tre de Gen\u00e8ve) ; son attelage fut encercl\u00e9 et attaqu\u00e9 par une foule furieuse. Elle \u00e9tait enceinte, et son fils Albert vit le jour \u00e0 Rolle le 20 novembre. Sa chambre \u00e0 coucher avec ses boiseries et ses papiers peints peut encore aujourd&rsquo;hui \u00eatre visit\u00e9e et admir\u00e9e. <\/span><\/p>\n<p style=\"text-align: justify;\"><span style=\"font-size: 16px;\">Mais Germaine \u00e9tait loin d&rsquo;\u00eatre heureuse dans \u00ab\u00a0ce trou de Rolle\u00a0\u00bb, comme elle l&rsquo;appelait : son amant, Narbonne, exil\u00e9 en Angleterre \u00e0 Juniper Hall pr\u00e8s de Dorking,\u00a0occupait toutes ses pens\u00e9es\u00a0; elle fit une tentative de suicide ; puis, en janvier 1793, elle s&rsquo;\u00e9chappa de la maison de Rolle, fit un tr\u00e8s p\u00e9rilleux voyage \u00e0 travers la France, et r\u00e9ussit \u00e0 le rejoindre. En juin, cependant, elle \u00e9tait de retour \u00e0 Coppet (o\u00f9 se trouvaient ses parents) pour retrouver son mari. C&rsquo;est l\u00e0 qu&rsquo;elle r\u00e9digea ses <em>R\u00e9flexions sur le proc\u00e8s de Marie Antoinette<\/em>.<\/span><\/p>\n<p style=\"text-align: justify;\"><span style=\"font-size: 16px;\">Il existe d\u2019int\u00e9ressantes lettres de Madame de Severy \u00e0 son fils, alors au service de la patrie comme lieutenant de dragons \u00e0 Bossey sur Nyon. Madame de S\u00e9very \u00e9pouse du propri\u00e9taire de la maison, y relate les conditions de vie et location de l\u2019immeuble \u00e0 la famille Necker r\u00e9fugi\u00e9e temporairement \u00e0 Rolle.<\/span><\/p>\n<p style=\"text-align: justify;\"><span style=\"font-size: 16px;\">A l\u2019\u00e9vidence, c\u2019est Gibbon, ami \u00e0 la fois des S\u00e9very et des Necker qui \u00e0 jou\u00e9 le r\u00f4le de liaison entre les deux familles \u00e0 une \u00e9poque o\u00f9 la bourgeoisie cherchait \u00e0 resserrer les liens entre elle.<\/span><\/p>\n<p style=\"text-align: right;\">Informations rassembl\u00e9es par Denys Jaquet<\/p>\n<p style=\"text-align: right;\">Syndic honoraire de Rolle et Pr\u00e9sident de l\u2019Association des Amis du Ch\u00e2teau de Rolle<\/p>\n<p style=\"text-align: right;\"><strong>\u00a0<\/strong><\/p>\n","protected":false},"excerpt":{"rendered":"<p>Madame de Stael de son bref passage \u00e0 Rolle En 1792 les Necker quitt\u00e8rent temporairement Coppet, alors troubl\u00e9 par la R\u00e9volution Genevoise, et, avec l&rsquo;aide de Gibbon, prirent une maison (toujours existante) au 99 Grande Rue \u00e0 Rolle, qui se trouvait du c\u00f4t\u00e9 s\u00fbr de la fronti\u00e8re Bernoise. C&rsquo;est ici, en septembre 1792, que Germaine&#8230;<\/p>\n","protected":false},"author":1,"featured_media":0,"parent":0,"menu_order":0,"comment_status":"closed","ping_status":"closed","template":"","meta":{"_et_pb_use_builder":"","_et_pb_old_content":"","_et_gb_content_width":"","footnotes":""},"class_list":["post-1029","page","type-page","status-publish","hentry"],"_links":{"self":[{"href":"https:\/\/chateauderolle.ch\/index.php\/wp-json\/wp\/v2\/pages\/1029","targetHints":{"allow":["GET"]}}],"collection":[{"href":"https:\/\/chateauderolle.ch\/index.php\/wp-json\/wp\/v2\/pages"}],"about":[{"href":"https:\/\/chateauderolle.ch\/index.php\/wp-json\/wp\/v2\/types\/page"}],"author":[{"embeddable":true,"href":"https:\/\/chateauderolle.ch\/index.php\/wp-json\/wp\/v2\/users\/1"}],"replies":[{"embeddable":true,"href":"https:\/\/chateauderolle.ch\/index.php\/wp-json\/wp\/v2\/comments?post=1029"}],"version-history":[{"count":8,"href":"https:\/\/chateauderolle.ch\/index.php\/wp-json\/wp\/v2\/pages\/1029\/revisions"}],"predecessor-version":[{"id":1385,"href":"https:\/\/chateauderolle.ch\/index.php\/wp-json\/wp\/v2\/pages\/1029\/revisions\/1385"}],"wp:attachment":[{"href":"https:\/\/chateauderolle.ch\/index.php\/wp-json\/wp\/v2\/media?parent=1029"}],"curies":[{"name":"wp","href":"https:\/\/api.w.org\/{rel}","templated":true}]}}