{"id":1036,"date":"2022-05-10T01:00:50","date_gmt":"2022-05-09T23:00:50","guid":{"rendered":"https:\/\/chateauderolle.ch\/?page_id=1036"},"modified":"2023-01-26T21:50:27","modified_gmt":"2023-01-26T20:50:27","slug":"duc-de-noailles","status":"publish","type":"page","link":"https:\/\/chateauderolle.ch\/index.php\/duc-de-noailles\/","title":{"rendered":"Duc de Noailles"},"content":{"rendered":"<p style=\"text-align: justify;\"><img loading=\"lazy\" decoding=\"async\" class=\"size-medium wp-image-434 alignleft\" src=\"http:\/\/chateauderolle.ch\/wp-content\/uploads\/2022\/05\/Louis_de_Noailles-263x300.jpg\" alt=\"\" width=\"263\" height=\"300\" srcset=\"https:\/\/chateauderolle.ch\/wp-content\/uploads\/2022\/05\/Louis_de_Noailles-263x300.jpg 263w, https:\/\/chateauderolle.ch\/wp-content\/uploads\/2022\/05\/Louis_de_Noailles.jpg 700w\" sizes=\"(max-width: 263px) 100vw, 263px\" \/><span style=\"font-size: 16px;\">Le Duc de Noailles s\u00e9journa \u00e0 Rolle au d\u00e9but du 19\u00e8me si\u00e8cle. Install\u00e9 dans la propri\u00e9t\u00e9 des Uttins, (domaine ayant appartenu \u00e0 Am\u00e9d\u00e9e de la Harpe), son passage, si discret f\u00fbt-il, a cependant durablement marqu\u00e9 les rollois. En effet, c&rsquo;est lui semble t-il qui pria son p\u00e2tissier de bien vouloir transmettre la fameuse recette des petits-pains \u00e0 un boulanger local. L&rsquo;histoire des petits-pains de Rolle \u00e9tait n\u00e9e.<\/span><\/p>\n<p><span style=\"font-size: 16px;\">Outre cette anecdote, nous avons \u00e0 faire \u00e0 une personnalit\u00e9 de l&rsquo;Histoire de France qui m\u00e9rite que l&rsquo;on s&rsquo;attarde sur sa biographie.<\/span><\/p>\n<p style=\"text-align: justify;\"><span style=\"font-size: 16px;\">Il est le fils du mar\u00e9chal Louis de Noailles (1713-1793), 4\u00e8me duc de Noailles, et de Fran\u00e7oise-Charlotte de Coss\u00e9-Brissac (1724-1794).<\/span><\/p>\n<p style=\"text-align: justify;\"><span style=\"font-size: 16px;\">En 1755, \u00e0 seize ans, il \u00e9pouse Henriette d&rsquo;Aguesseau. \u00c0 la m\u00eame \u00e9poque, il est colonel du r\u00e9giment de dragons Noailles cavalerie.<\/span><\/p>\n<p>&nbsp;<\/p>\n<p style=\"text-align: justify;\"><span style=\"font-size: 20px; color: #086b99;\"><strong>Carri\u00e8re militaire<\/strong><\/span><\/p>\n<p style=\"text-align: justify;\"><span style=\"font-size: 16px;\">Participant notamment aux quatre derni\u00e8res campagnes de la guerre de Sept Ans (1756-1763), il gravit les \u00e9chelons de la hi\u00e9rarchie militaire : il est mar\u00e9chal de camp en 1770, et atteint le grade de lieutenant g\u00e9n\u00e9ral en 1784.<\/span><\/p>\n<p style=\"text-align: justify;\"><span style=\"font-size: 16px;\">En 1781, il est nomm\u00e9 au Conseil sup\u00e9rieur de la guerre o\u00f9 il propose notamment des r\u00e9formes visant \u00e0 am\u00e9liorer les conditions de vie des soldats. Il peut y exercer son temp\u00e9rament appliqu\u00e9, minutieux et travailleur et y appliquer ses id\u00e9es philosophiques.<\/span><\/p>\n<p style=\"text-align: justify;\"><span style=\"font-size: 20px; color: #086b99;\"><strong>Un homme des Lumi\u00e8res<\/strong><\/span><\/p>\n<p style=\"text-align: justify;\"><span style=\"font-size: 16px;\">Dans l&rsquo;esprit du temps, il fait profession d&rsquo;irr\u00e9ligion et de scientisme, tenant l&rsquo;homme pour une \u00ab moisissure \u00bb et proclamant que l&rsquo;\u00e2me n&rsquo;existe pas. Re\u00e7u \u00e0 l&rsquo;Acad\u00e9mie des sciences (France), Acad\u00e9mie royale des sciences en 1777, il y pr\u00e9sente des m\u00e9moires de physique et de chimie.<\/span><\/p>\n<p style=\"text-align: justify;\"><span style=\"font-size: 20px; color: #086b99;\"><strong>La R\u00e9volution et l&rsquo;Empire\u00a0<\/strong><\/span><\/p>\n<p style=\"text-align: justify;\"><span style=\"font-size: 16px;\">Sous la R\u00e9volution fran\u00e7aise, il \u00e9migre, une premi\u00e8re fois en 1791 puis, d\u00e9finitivement en 1792 apr\u00e8s avoir d\u00e9fendu les Palais des Tuileries lors de la journ\u00e9e du 10 ao\u00fbt 1792. Il laisse derri\u00e8re lui sa femme, qui est guillotin\u00e9e, ainsi que leur fille a\u00een\u00e9e (et sa m\u00e8re, la vieille mar\u00e9chale de Noailles) le 4 thermidor an II (22 juillet 1794, alors que lui se trouve \u00e0 Rolle (Vaud) en Suisse ou souvent \u00e0 Greng. C&rsquo;est l\u00e0 qu&rsquo;il rencontre sa seconde \u00e9pouse, la comtesse Golowkine.<\/span><\/p>\n<p style=\"text-align: justify;\"><span style=\"font-size: 16px;\">Il rentre en France sous la Restauration fran\u00e7aise qui le fait entrer \u00e0 la Chambre des pairs et le nomme \u00e0 l&rsquo;Institut de France.<\/span><\/p>\n<p style=\"text-align: justify;\"><span style=\"font-size: 20px; color: #086b99;\"><strong>Mariages et enfants<\/strong><\/span><\/p>\n<p style=\"text-align: justify;\"><span style=\"font-size: 16px;\">Le 25 f\u00e9vrier 1755, il \u00e9pouse Anne Louise Henriette d&rsquo;Aguesseau (1737-1794), petite-fille de Henri Fran\u00e7ois d&rsquo;Aguesseau, une femme tr\u00e8s pieuse avec laquelle il a tr\u00e8s peu v\u00e9cu, elle habitant \u00e0 Paris, lui se trouvant soit \u00e0 l&rsquo;arm\u00e9e, soit \u00e0 la Cour. Ils ont cependant eu dix enfants : huit filles, dont cinq ont atteint l&rsquo;\u00e2ge adulte, et deux gar\u00e7ons morts en bas \u00e2ge :<\/span><\/p>\n<p style=\"text-align: justify;\"><span style=\"font-size: 16px;\">Antoine Paul Louis de Noailles (1756-1757) ;<\/span><\/p>\n<p style=\"text-align: justify;\"><span style=\"font-size: 16px;\">Anne Jeanne Baptiste Pauline Adrienne \u00a0\u00bbLouise\u00a0\u00bb Catherine Dominique de Noailles (1758-1794), qui \u00e9pouse (1773) Louis Marc Antoine de Noailles, vicomte de Noailles ;<\/span><\/p>\n<p style=\"text-align: justify;\"><span style=\"font-size: 16px;\">Adrienne de La Fayette Marie \u00a0\u00bbAdrienne\u00a0\u00bb Fran\u00e7oise de Noailles (1759-1807), qui \u00e9pouse (1774) le marquis de La Fayette;<\/span><\/p>\n<p style=\"text-align: justify;\"><span style=\"font-size: 16px;\">Fran\u00e7oise Antoinette Louise de Noailles (1763-1788), qui \u00e9pouse (1779) Marie Fran\u00e7ois Scipion de Grimoard de Beauvoir du Roure, marquis du Roure (\u20201782), se remarie (1784) avec Jean Fran\u00e7ois B\u00e9renger, comte de Th\u00e9zan du Poujol (\u20201804), ma\u00eetre de camp de cavalerie ;<\/span><\/p>\n<p style=\"text-align: justify;\"><span style=\"font-size: 16px;\">Anne Pauline Dominique de Noailles (1766-1839), qui \u00e9pouse (1783) Joachim de Montagu-Beaune, marquis de Pouzols (\u20201834) ;<\/span><\/p>\n<p style=\"text-align: justify;\"><span style=\"font-size: 16px;\">Ang\u00e9lique Fran\u00e7oise d&rsquo;Assise \u00a0\u00bbRosalie\u00a0\u00bb de Noailles (1767-1833), qui \u00e9pouse (1788) Th\u00e9odule de Grammont Alexandre Marie Fran\u00e7ois de Sales Th\u00e9odule, marquis de Grammont;<\/span><\/p>\n<p style=\"text-align: justify;\"><span style=\"font-size: 16px;\">Louis Gabriel de Noailles (1768-1770).<\/span><\/p>\n<p style=\"text-align: justify;\"><span style=\"font-size: 16px;\">Veuf en 1794, il se remarie en 1796 avec Elisabeth Wilhelmie Justine von Mosheim (\u20201824), comtesse Golowkine, rencontr\u00e9e en Suisse, mais il n&rsquo;a pas d&rsquo;enfants de ce second mariage.<\/span><\/p>\n<p style=\"text-align: justify;\"><span style=\"font-size: 20px; color: #086b99;\"><strong>Distinctions<\/strong><\/span><\/p>\n<figure id=\"attachment_1046\" aria-describedby=\"caption-attachment-1046\" style=\"width: 225px\" class=\"wp-caption aligncenter\"><img loading=\"lazy\" decoding=\"async\" class=\"wp-image-1046 size-medium\" src=\"http:\/\/chateauderolle.ch\/wp-content\/uploads\/2022\/05\/toison_dor-225x300.jpg\" alt=\"\" width=\"225\" height=\"300\" srcset=\"https:\/\/chateauderolle.ch\/wp-content\/uploads\/2022\/05\/toison_dor-225x300.jpg 225w, https:\/\/chateauderolle.ch\/wp-content\/uploads\/2022\/05\/toison_dor-768x1024.jpg 768w, https:\/\/chateauderolle.ch\/wp-content\/uploads\/2022\/05\/toison_dor.jpg 800w\" sizes=\"(max-width: 225px) 100vw, 225px\" \/><figcaption id=\"caption-attachment-1046\" class=\"wp-caption-text\">L\u2019ordre de la Toison d\u2019or, dit aussi la Toison d\u2019or ou la Toison, est aujourd&rsquo;hui l&rsquo;ordre de chevalerie le plus \u00e9lev\u00e9 et le plus prestigieux d&rsquo;Espagne.<\/figcaption><\/figure>\n<p style=\"text-align: justify;\"><span style=\"font-size: 16px;\">Il est fait chevalier de l&rsquo;Ordre de la Toison d&rsquo;or en 1780.<\/span><\/p>\n","protected":false},"excerpt":{"rendered":"<p>Le Duc de Noailles s\u00e9journa \u00e0 Rolle au d\u00e9but du 19\u00e8me si\u00e8cle. Install\u00e9 dans la propri\u00e9t\u00e9 des Uttins, (domaine ayant appartenu \u00e0 Am\u00e9d\u00e9e de la Harpe), son passage, si discret f\u00fbt-il, a cependant durablement marqu\u00e9 les rollois. En effet, c&rsquo;est lui semble t-il qui pria son p\u00e2tissier de bien vouloir transmettre la fameuse recette des&#8230;<\/p>\n","protected":false},"author":1,"featured_media":0,"parent":0,"menu_order":0,"comment_status":"closed","ping_status":"closed","template":"","meta":{"_et_pb_use_builder":"","_et_pb_old_content":"","_et_gb_content_width":"","footnotes":""},"class_list":["post-1036","page","type-page","status-publish","hentry"],"_links":{"self":[{"href":"https:\/\/chateauderolle.ch\/index.php\/wp-json\/wp\/v2\/pages\/1036","targetHints":{"allow":["GET"]}}],"collection":[{"href":"https:\/\/chateauderolle.ch\/index.php\/wp-json\/wp\/v2\/pages"}],"about":[{"href":"https:\/\/chateauderolle.ch\/index.php\/wp-json\/wp\/v2\/types\/page"}],"author":[{"embeddable":true,"href":"https:\/\/chateauderolle.ch\/index.php\/wp-json\/wp\/v2\/users\/1"}],"replies":[{"embeddable":true,"href":"https:\/\/chateauderolle.ch\/index.php\/wp-json\/wp\/v2\/comments?post=1036"}],"version-history":[{"count":14,"href":"https:\/\/chateauderolle.ch\/index.php\/wp-json\/wp\/v2\/pages\/1036\/revisions"}],"predecessor-version":[{"id":1523,"href":"https:\/\/chateauderolle.ch\/index.php\/wp-json\/wp\/v2\/pages\/1036\/revisions\/1523"}],"wp:attachment":[{"href":"https:\/\/chateauderolle.ch\/index.php\/wp-json\/wp\/v2\/media?parent=1036"}],"curies":[{"name":"wp","href":"https:\/\/api.w.org\/{rel}","templated":true}]}}