{"id":120,"date":"2022-05-04T12:12:25","date_gmt":"2022-05-04T10:12:25","guid":{"rendered":"http:\/\/chateauderolle.ch\/?page_id=120"},"modified":"2026-02-14T14:01:03","modified_gmt":"2026-02-14T13:01:03","slug":"association","status":"publish","type":"page","link":"https:\/\/chateauderolle.ch\/index.php\/association\/","title":{"rendered":"ASSOCIATION"},"content":{"rendered":"<p><img loading=\"lazy\" decoding=\"async\" class=\"alignnone wp-image-1963 aligncenter\" src=\"http:\/\/chateauderolle.ch\/wp-content\/uploads\/2025\/06\/sceau_AACR_light-298x300.png\" alt=\"\" width=\"188\" height=\"190\" srcset=\"https:\/\/chateauderolle.ch\/wp-content\/uploads\/2025\/06\/sceau_AACR_light-298x300.png 298w, https:\/\/chateauderolle.ch\/wp-content\/uploads\/2025\/06\/sceau_AACR_light-1017x1024.png 1017w, https:\/\/chateauderolle.ch\/wp-content\/uploads\/2025\/06\/sceau_AACR_light-768x774.png 768w, https:\/\/chateauderolle.ch\/wp-content\/uploads\/2025\/06\/sceau_AACR_light-1525x1536.png 1525w, https:\/\/chateauderolle.ch\/wp-content\/uploads\/2025\/06\/sceau_AACR_light-2033x2048.png 2033w, https:\/\/chateauderolle.ch\/wp-content\/uploads\/2025\/06\/sceau_AACR_light-1080x1088.png 1080w\" sizes=\"(max-width: 188px) 100vw, 188px\" \/><\/p>\n<p><span style=\"font-size: 16px;\"><span style=\"font-size: 20px;\"><strong>L&rsquo;Association<\/strong><strong> en bref<\/strong><\/span><\/span><\/p>\n<p><span style=\"color: #5d909e; font-size: 16px;\">L\u2019Association d\u00e9finie comme non lucrative poursuit 3 buts :<\/span><\/p>\n<p><img loading=\"lazy\" decoding=\"async\" class=\"wp-image-367 alignleft\" style=\"font-size: 16px;\" src=\"http:\/\/chateauderolle.ch\/wp-content\/uploads\/2022\/05\/DSC_8657_Copier.jpg\" alt=\"\" width=\"238\" height=\"360\" srcset=\"https:\/\/chateauderolle.ch\/wp-content\/uploads\/2022\/05\/DSC_8657_Copier.jpg 500w, https:\/\/chateauderolle.ch\/wp-content\/uploads\/2022\/05\/DSC_8657_Copier-199x300.jpg 199w\" sizes=\"(max-width: 238px) 100vw, 238px\" \/><\/p>\n<p><span style=\"font-size: 16px;\">\u00a0<\/span><\/p>\n<table style=\"width: 14.5758%; border-collapse: collapse; border-style: hidden; border-color: #ffffff; height: 89px;\">\n<tbody>\n<tr style=\"border-style: hidden; border-color: #ffffff;\">\n<td style=\"width: 15.9898%; border-style: none; background-color: #086b99;\"><span style=\"color: #ffffff; font-size: 16px;\"><strong>1.\u00a0\u00a0\u00a0Pr\u00e9server<\/strong><\/span><\/td>\n<td style=\"width: 46.0894%; border-style: none; border-color: #ffffff; background-color: #086b99;\"><\/td>\n<\/tr>\n<tr style=\"border-style: hidden; border-color: #ffffff;\">\n<td style=\"width: 15.9898%; border-style: none; background-color: #086b99;\"><span style=\"color: #ffffff; font-size: 16px;\"><strong>2.\u00a0\u00a0\u00a0Promouvoir<\/strong><\/span><\/td>\n<td style=\"width: 46.0894%; border-style: none; border-color: #ffffff; background-color: #086b99;\"><\/td>\n<\/tr>\n<tr style=\"border-style: hidden; border-color: #ffffff;\">\n<td style=\"width: 15.9898%; border-style: none; background-color: #086b99;\"><span style=\"color: #ffffff; font-size: 16px;\"><strong>3.\u00a0\u00a0\u00a0Partager<\/strong><\/span><\/td>\n<td style=\"width: 46.0894%; border-style: none; border-color: #ffffff; background-color: #086b99;\"><\/td>\n<\/tr>\n<\/tbody>\n<\/table>\n<p><span style=\"font-size: 16px;\">Pour l\u2019essentiel, son action vise \u00e0 d\u00e9velopper l\u2019aspect culturel du Ch\u00e2teau en relation \u00e9troite avec les autorit\u00e9s communales de Rolle.<\/span><br \/>\n<span style=\"font-size: 16px;\">La sauvegarde du patrimoine que constitue l&rsquo;\u00e9difice et sa mise en valeur font l&rsquo;objet d&rsquo;une grande attention. Elle g\u00e8re en particulier la Biblioth\u00e8que historique compos\u00e9e de 16 000 ouvrages essentiellement du 17\u00e8me et 18\u00e8me si\u00e8cle. A cela s&rsquo;ajoute une collection de 400 cartes g\u00e9ographiques anciennes.<\/span><\/p>\n<p><span style=\"font-size: 16px;\">L&rsquo;Association s&rsquo;int\u00e9resse \u00e9galement \u00e0 d\u00e9fendre et promouvoir le riche patrimoine historique de La C\u00f4te vaudoise.<br \/>\n<\/span><br \/>\n<span style=\"font-size: 16px;\">L\u2019Association r\u00e9unit toutes les personnes d\u00e9sireuses d\u2019apporter leur soutien au d\u00e9veloppement des buts pr\u00e9cit\u00e9s.<br \/>\n<\/span><br \/>\n<span style=\"font-size: 16px;\">Elle est r\u00e9gie par un comit\u00e9 \u00e9lu en assembl\u00e9e annuelle et par des statuts.<br \/>\n<\/span><br \/>\n<span style=\"font-size: 16px;\">Elle s\u2019appuie pour une large part sur le b\u00e9n\u00e9volat de ses membres en ce qui concerne les t\u00e2ches qui lui incombent.<\/span><\/p>\n<p><span style=\"font-size: 16px;\">Vous \u00eates int\u00e9ress\u00e9s \u00e0 nous rejoindre?<\/span><span style=\"font-size: 16px;\">\u00a0<\/span><\/p>\n<table class=\" alignleft\" style=\"border-collapse: collapse; width: 90.904%; height: 159px;\">\n<tbody>\n<tr style=\"height: 52px;\">\n<td style=\"width: 100%; height: 10px; background-color: #086b99; text-align: left; vertical-align: top;\">\n<p style=\"text-align: left;\"><span style=\"color: #ffffff;\"><span style=\"font-size: 16px;\"><br \/>\nPrenez connaissance de nos projets et inscrivez-vous au moyen du <a style=\"color: #ffffff;\" href=\"http:\/\/chateauderolle.ch\/wp-content\/uploads\/2022\/05\/formulaire_adhesion.pdf\" target=\"_blank\" rel=\"noopener\">formulaire \u00e9lectronique<\/a>, \u00a0<a href=\"http:\/\/chateauderolle.ch\/wp-content\/uploads\/2026\/02\/formulaire_adhesion.pdf\" target=\"_blank\" rel=\"http:\/\/chateauderolle.ch\/wp-content\/uploads\/2026\/02\/formulaire_adhesion.pdf noopener\"><img loading=\"lazy\" decoding=\"async\" class=\"alignright wp-image-292\" src=\"http:\/\/chateauderolle.ch\/wp-content\/uploads\/2022\/05\/PDF-LOGO2-150x150.webp\" alt=\"\" width=\"72\" height=\"72\" srcset=\"https:\/\/chateauderolle.ch\/wp-content\/uploads\/2022\/05\/PDF-LOGO2-150x150.webp 150w, https:\/\/chateauderolle.ch\/wp-content\/uploads\/2022\/05\/PDF-LOGO2-300x300.webp 300w, https:\/\/chateauderolle.ch\/wp-content\/uploads\/2022\/05\/PDF-LOGO2.webp 512w\" sizes=\"(max-width: 72px) 100vw, 72px\" \/><\/a><br \/>\n<\/span><span style=\"font-size: 16px;\">par courrier ou simple email \u00e0 notre secr\u00e9tariat:<span style=\"color: #ff0000;\"> <a style=\"color: #ff0000;\" href=\"mailto:secretaire@chateauderolle.ch\" target=\"_blank\" rel=\"noopener\">secretaire@chateauderolle.ch<\/a><span style=\"font-size: 12px;\"><span style=\"color: #ffffff;\"> (copier cette adresse email dans votre messagerie)<\/span><\/span><\/span><\/span><\/span><\/p>\n<\/td>\n<\/tr>\n<\/tbody>\n<\/table>\n<p><span style=\"font-size: 16px;\">.<\/span><\/p>\n<p>&nbsp;<\/p>\n<p>&nbsp;<\/p>\n<p>&nbsp;<\/p>\n<p>&nbsp;<\/p>\n<p>&nbsp;<\/p>\n<p>&nbsp;<\/p>\n<p style=\"text-align: left;\"><span style=\"font-size: 16px;\"><strong>Comit\u00e9 actuel:<\/strong><\/span><\/p>\n<table class=\" alignleft\" style=\"height: 150px; width: 66.9652%; border-collapse: collapse; background-color: #ccddf0;\">\n<tbody>\n<tr style=\"height: 21px;\">\n<td style=\"width: 13.06%; height: 21px;\" colspan=\"4\"><span style=\"font-size: 16px; color: #0000ff;\"><strong><span style=\"font-size: 12px;\">(copier l&rsquo;adresse email choisie dans votre messagerie)<\/span><\/strong><\/span><\/td>\n<\/tr>\n<tr style=\"height: 25px;\">\n<td style=\"height: 10px; width: 13.06%;\"><span style=\"font-size: 16px;\">Pr\u00e9sident:<\/span><\/td>\n<td style=\"height: 10px; width: 13.2631%;\"><span style=\"font-size: 16px;\">Denys Jaquet<\/span><\/td>\n<td style=\"height: 10px; width: 22.4942%;\"><span style=\"font-size: 16px; color: #000000;\">president@chateauderolle.ch<\/span><\/td>\n<td style=\"height: 38px; width: 34.4528%;\" rowspan=\"2\"><span style=\"font-size: 16px;\"><strong>Adresse de l&rsquo;Association:<\/strong><\/span><br \/>\n<span style=\"font-size: 16px;\">Grand-rue 39 1180 Rolle<\/span><span style=\"font-size: 16px;\"><strong><br \/>\n<\/strong><\/span><\/td>\n<\/tr>\n<tr style=\"height: 19px;\">\n<td style=\"height: 28px; width: 13.06%;\"><span style=\"font-size: 16px;\">Vice-Pr\u00e9sident:<\/span><\/td>\n<td style=\"height: 28px; width: 13.2631%;\"><span style=\"font-size: 16px;\">Jacques Tschudin<\/span><\/td>\n<td style=\"height: 28px; width: 22.4942%;\"><span style=\"font-size: 16px; color: #000000;\">jacques.tschudin@bluewin.ch<\/span><\/td>\n<\/tr>\n<tr style=\"height: 19px;\">\n<td style=\"height: 11px; width: 13.06%;\"><span style=\"font-size: 16px;\">Tr\u00e9sorier:<\/span><\/td>\n<td style=\"height: 11px; width: 13.2631%;\"><span style=\"font-size: 16px;\">Stefan Garrido<\/span><\/td>\n<td style=\"height: 11px; width: 22.4942%;\"><span style=\"font-size: 16px; color: #000000;\">stefan.garrido@bluewin.ch<\/span><\/td>\n<td style=\"width: 34.4528%; height: 30px; vertical-align: bottom;\" rowspan=\"2\"><span style=\"font-size: 16px;\"><strong><a style=\"font-family: inherit; word-spacing: normal;\" href=\"http:\/\/chateauderolle.ch\/wp-content\/uploads\/2022\/05\/StatutsAACR.pdf\" target=\"_blank\" rel=\"noopener\"><span style=\"color: #ff0000;\">Statuts de l&rsquo;Association <\/span><\/a><a href=\"http:\/\/chateauderolle.ch\/wp-content\/uploads\/2022\/05\/StatutsAACR.pdf\" target=\"_blank\" rel=\"https:\/\/chateauderolle.ch\/wp-content\/uploads\/2022\/05\/formulaire_adhesion.pdf noopener\"><img loading=\"lazy\" decoding=\"async\" class=\"alignleft wp-image-292\" src=\"http:\/\/chateauderolle.ch\/wp-content\/uploads\/2022\/05\/PDF-LOGO2-150x150.webp\" alt=\"\" width=\"72\" height=\"72\" srcset=\"https:\/\/chateauderolle.ch\/wp-content\/uploads\/2022\/05\/PDF-LOGO2-150x150.webp 150w, https:\/\/chateauderolle.ch\/wp-content\/uploads\/2022\/05\/PDF-LOGO2-300x300.webp 300w, https:\/\/chateauderolle.ch\/wp-content\/uploads\/2022\/05\/PDF-LOGO2.webp 512w\" sizes=\"(max-width: 72px) 100vw, 72px\" \/><\/a><\/strong><\/span><span style=\"font-size: 16px;\"><strong><br \/>\n<\/strong><\/span><span style=\"font-size: 16px;\"><strong><br \/>\n<\/strong><\/span><\/td>\n<\/tr>\n<tr style=\"height: 19px;\">\n<td style=\"height: 19px; width: 13.06%;\"><span style=\"font-size: 16px;\">Secr\u00e9tariat:<\/span><\/td>\n<td style=\"height: 19px; width: 13.2631%;\"><span style=\"font-size: 16px;\">Miriam Perraudin<\/span><\/td>\n<td style=\"height: 19px; width: 22.4942%;\"><span style=\"font-size: 16px; color: #000000;\">secretaire@chateauderolle.ch<\/span><\/td>\n<\/tr>\n<tr style=\"height: 20px;\">\n<td style=\"width: 83.2701%; height: 61px;\" colspan=\"4\"><span style=\"font-size: 16px;\">Banque cantonale vaudoise\u00a0Rolle: compteT 5134.78.21<\/span><br \/>\n<span style=\"font-size: 16px;\">CCP:10-725-4<\/span><br \/>\n<span style=\"font-size: 16px;\">Iban:\u00a0<span style=\"color: #ff0000;\">CH64 0076 7000 T513 4782 1<\/span><\/span><\/td>\n<\/tr>\n<\/tbody>\n<\/table>\n<p style=\"text-align: left;\"><span style=\"font-family: Arial;\"><span style=\"color: #3f3939; font-family: Verdana, Arial, Helvetica, sans-serif; font-size: xx-small;\">\u00a0<\/span><\/span><\/p>\n<p>&nbsp;<\/p>\n<p>&nbsp;<\/p>\n<p>&nbsp;<\/p>\n<p>&nbsp;<\/p>\n<p>&nbsp;<\/p>\n","protected":false},"excerpt":{"rendered":"<p>L&rsquo;Association en bref L\u2019Association d\u00e9finie comme non lucrative poursuit 3 buts : \u00a0 1.\u00a0\u00a0\u00a0Pr\u00e9server 2.\u00a0\u00a0\u00a0Promouvoir 3.\u00a0\u00a0\u00a0Partager Pour l\u2019essentiel, son action vise \u00e0 d\u00e9velopper l\u2019aspect culturel du Ch\u00e2teau en relation \u00e9troite avec les autorit\u00e9s communales de Rolle. La sauvegarde du patrimoine que constitue l&rsquo;\u00e9difice et sa mise en valeur font l&rsquo;objet d&rsquo;une grande attention. Elle g\u00e8re&#8230;<\/p>\n","protected":false},"author":1,"featured_media":0,"parent":0,"menu_order":0,"comment_status":"closed","ping_status":"closed","template":"","meta":{"_et_pb_use_builder":"","_et_pb_old_content":"","_et_gb_content_width":"","footnotes":""},"class_list":["post-120","page","type-page","status-publish","hentry"],"_links":{"self":[{"href":"https:\/\/chateauderolle.ch\/index.php\/wp-json\/wp\/v2\/pages\/120","targetHints":{"allow":["GET"]}}],"collection":[{"href":"https:\/\/chateauderolle.ch\/index.php\/wp-json\/wp\/v2\/pages"}],"about":[{"href":"https:\/\/chateauderolle.ch\/index.php\/wp-json\/wp\/v2\/types\/page"}],"author":[{"embeddable":true,"href":"https:\/\/chateauderolle.ch\/index.php\/wp-json\/wp\/v2\/users\/1"}],"replies":[{"embeddable":true,"href":"https:\/\/chateauderolle.ch\/index.php\/wp-json\/wp\/v2\/comments?post=120"}],"version-history":[{"count":123,"href":"https:\/\/chateauderolle.ch\/index.php\/wp-json\/wp\/v2\/pages\/120\/revisions"}],"predecessor-version":[{"id":2101,"href":"https:\/\/chateauderolle.ch\/index.php\/wp-json\/wp\/v2\/pages\/120\/revisions\/2101"}],"wp:attachment":[{"href":"https:\/\/chateauderolle.ch\/index.php\/wp-json\/wp\/v2\/media?parent=120"}],"curies":[{"name":"wp","href":"https:\/\/api.w.org\/{rel}","templated":true}]}}