{"id":189,"date":"2022-05-04T12:43:45","date_gmt":"2022-05-04T10:43:45","guid":{"rendered":"http:\/\/chateauderolle.ch\/index.php\/home\/"},"modified":"2026-01-26T23:05:41","modified_gmt":"2026-01-26T22:05:41","slug":"home","status":"publish","type":"page","link":"https:\/\/chateauderolle.ch\/","title":{"rendered":"ACCUEIL"},"content":{"rendered":"[et_pb_section fb_built=\u00a0\u00bb1&Prime; admin_label=\u00a0\u00bbsection\u00a0\u00bb _builder_version=\u00a0\u00bb4.27.5&Prime; hover_enabled=\u00a0\u00bb0&Prime; global_colors_info=\u00a0\u00bb{}\u00a0\u00bb module_alignment=\u00a0\u00bbright\u00a0\u00bb sticky_enabled=\u00a0\u00bb0&Prime; width=\u00a0\u00bb98%\u00a0\u00bb][et_pb_row admin_label=\u00a0\u00bbrow\u00a0\u00bb _builder_version=\u00a0\u00bb4.16&Prime; background_size=\u00a0\u00bbinitial\u00a0\u00bb background_position=\u00a0\u00bbtop_left\u00a0\u00bb background_repeat=\u00a0\u00bbrepeat\u00a0\u00bb global_colors_info=\u00a0\u00bb{}\u00a0\u00bb][et_pb_column type=\u00a0\u00bb4_4&Prime; _builder_version=\u00a0\u00bb4.16&Prime; custom_padding=\u00a0\u00bb|||\u00a0\u00bb global_colors_info=\u00a0\u00bb{}\u00a0\u00bb custom_padding__hover=\u00a0\u00bb|||\u00a0\u00bb][et_pb_text admin_label=\u00a0\u00bbText\u00a0\u00bb _builder_version=\u00a0\u00bb4.16&Prime; background_size=\u00a0\u00bbinitial\u00a0\u00bb background_position=\u00a0\u00bbtop_left\u00a0\u00bb background_repeat=\u00a0\u00bbrepeat\u00a0\u00bb global_colors_info=\u00a0\u00bb{}\u00a0\u00bb]\n<p><span style=\"font-size: 20px;\">CHATEAUDEROLLE.CH est inscrit au titre de site internet d&rsquo;int\u00e9r\u00eat national aupr\u00e8s de la <span style=\"color: #ff0000;\"><strong><a style=\"color: #ff0000;\" href=\"https:\/\/www.nationalbibliothek.ch\/fr\/home-2.html\" target=\"_blank\" rel=\"noopener\">Biblioth\u00e8que nationale suisse<\/a>.<\/strong><\/span><\/span><\/p>\n<p><a href=\"https:\/\/chateauderolle.ch\/index.php\/news\/\"><span style=\"font-size: 20px;\"><span style=\"color: #ff0000;\"><strong><img decoding=\"async\" class=\"alignleft\" src=\"http:\/\/chateauderolle.ch\/wp-content\/uploads\/2024\/07\/news.jpg\" alt=\"\" \/><\/strong><\/span><\/span><\/a> <a href=\"https:\/\/chateauderolle.ch\/index.php\/association\/\"><img loading=\"lazy\" decoding=\"async\" class=\"alignnone wp-image-66 size-full\" src=\"http:\/\/chateauderolle.ch\/wp-content\/uploads\/2022\/05\/association_chateau-1.jpg\" alt=\"\" width=\"250\" height=\"256\" srcset=\"https:\/\/chateauderolle.ch\/wp-content\/uploads\/2022\/05\/association_chateau-1.jpg 250w, https:\/\/chateauderolle.ch\/wp-content\/uploads\/2022\/05\/association_chateau-1-40x40.jpg 40w\" sizes=\"(max-width: 250px) 100vw, 250px\" \/><\/a><a href=\"https:\/\/chateauderolle.ch\/index.php\/chateau\/\"><img loading=\"lazy\" decoding=\"async\" class=\"alignnone wp-image-76 size-full\" src=\"http:\/\/chateauderolle.ch\/wp-content\/uploads\/2022\/05\/histoire.jpg\" alt=\"\" width=\"250\" height=\"256\" srcset=\"https:\/\/chateauderolle.ch\/wp-content\/uploads\/2022\/05\/histoire.jpg 250w, https:\/\/chateauderolle.ch\/wp-content\/uploads\/2022\/05\/histoire-40x40.jpg 40w\" sizes=\"(max-width: 250px) 100vw, 250px\" \/><\/a><a href=\"https:\/\/chateauderolle.ch\/index.php\/historique-bibliotheque\/\"><img loading=\"lazy\" decoding=\"async\" class=\"alignnone wp-image-83 size-full\" src=\"http:\/\/chateauderolle.ch\/wp-content\/uploads\/2022\/05\/naissance_bibliotheque.jpg\" alt=\"\" width=\"250\" height=\"256\" srcset=\"https:\/\/chateauderolle.ch\/wp-content\/uploads\/2022\/05\/naissance_bibliotheque.jpg 250w, https:\/\/chateauderolle.ch\/wp-content\/uploads\/2022\/05\/naissance_bibliotheque-40x40.jpg 40w\" sizes=\"(max-width: 250px) 100vw, 250px\" \/><\/a><a href=\"https:\/\/chateauderolle.ch\/index.php\/frederic-cesar-de-la-harpe\/\"><img loading=\"lazy\" decoding=\"async\" class=\"alignnone wp-image-72 size-full\" src=\"http:\/\/chateauderolle.ch\/wp-content\/uploads\/2022\/05\/fc_delaHarpe.jpg\" alt=\"\" width=\"250\" height=\"256\" srcset=\"https:\/\/chateauderolle.ch\/wp-content\/uploads\/2022\/05\/fc_delaHarpe.jpg 250w, https:\/\/chateauderolle.ch\/wp-content\/uploads\/2022\/05\/fc_delaHarpe-40x40.jpg 40w\" sizes=\"(max-width: 250px) 100vw, 250px\" \/><\/a><img loading=\"lazy\" decoding=\"async\" class=\"alignnone size-full wp-image-75\" src=\"http:\/\/chateauderolle.ch\/wp-content\/uploads\/2022\/05\/guide_voyage.jpg\" alt=\"\" width=\"250\" height=\"256\" srcset=\"https:\/\/chateauderolle.ch\/wp-content\/uploads\/2022\/05\/guide_voyage.jpg 250w, https:\/\/chateauderolle.ch\/wp-content\/uploads\/2022\/05\/guide_voyage-40x40.jpg 40w\" sizes=\"(max-width: 250px) 100vw, 250px\" \/> <a href=\"https:\/\/chateauderolle.ch\/index.php\/galerie\/\"><img loading=\"lazy\" decoding=\"async\" class=\"alignnone wp-image-74 size-full\" src=\"http:\/\/chateauderolle.ch\/wp-content\/uploads\/2022\/05\/galerie.jpg\" alt=\"\" width=\"250\" height=\"256\" srcset=\"https:\/\/chateauderolle.ch\/wp-content\/uploads\/2022\/05\/galerie.jpg 250w, https:\/\/chateauderolle.ch\/wp-content\/uploads\/2022\/05\/galerie-40x40.jpg 40w\" sizes=\"(max-width: 250px) 100vw, 250px\" \/><\/a><a href=\"https:\/\/chateauderolle.ch\/index.php\/cartes-anciennes\/\"><img loading=\"lazy\" decoding=\"async\" class=\"alignnone wp-image-68 size-full\" src=\"http:\/\/chateauderolle.ch\/wp-content\/uploads\/2022\/05\/cartes_anciennes.jpg\" alt=\"\" width=\"250\" height=\"256\" srcset=\"https:\/\/chateauderolle.ch\/wp-content\/uploads\/2022\/05\/cartes_anciennes.jpg 250w, https:\/\/chateauderolle.ch\/wp-content\/uploads\/2022\/05\/cartes_anciennes-40x40.jpg 40w\" sizes=\"(max-width: 250px) 100vw, 250px\" \/><\/a><a href=\"https:\/\/chateauderolle.ch\/index.php\/documents_anciens\/\"><img loading=\"lazy\" decoding=\"async\" class=\"alignnone wp-image-1345 size-full\" src=\"http:\/\/chateauderolle.ch\/wp-content\/uploads\/2023\/01\/documents_anciens.jpg\" alt=\"\" width=\"250\" height=\"256\" \/><\/a><a href=\"https:\/\/chateauderolle.ch\/index.php\/expositions\/\"><img loading=\"lazy\" decoding=\"async\" class=\"alignnone wp-image-71 size-full\" src=\"http:\/\/chateauderolle.ch\/wp-content\/uploads\/2022\/05\/evenements_culturels.jpg\" alt=\"\" width=\"250\" height=\"256\" srcset=\"https:\/\/chateauderolle.ch\/wp-content\/uploads\/2022\/05\/evenements_culturels.jpg 250w, https:\/\/chateauderolle.ch\/wp-content\/uploads\/2022\/05\/evenements_culturels-40x40.jpg 40w\" sizes=\"(max-width: 250px) 100vw, 250px\" \/><\/a><a href=\"https:\/\/chateauderolle.ch\/index.php\/archeologie\/\"><img loading=\"lazy\" decoding=\"async\" class=\"alignnone wp-image-65 size-full\" src=\"http:\/\/chateauderolle.ch\/wp-content\/uploads\/2022\/05\/archeologie_chateau.jpg\" alt=\"\" width=\"250\" height=\"256\" srcset=\"https:\/\/chateauderolle.ch\/wp-content\/uploads\/2022\/05\/archeologie_chateau.jpg 250w, https:\/\/chateauderolle.ch\/wp-content\/uploads\/2022\/05\/archeologie_chateau-40x40.jpg 40w\" sizes=\"(max-width: 250px) 100vw, 250px\" \/><\/a> <a href=\"https:\/\/chateauderolle.ch\/index.php\/les-martinets-du-chateau\/\"><img loading=\"lazy\" decoding=\"async\" class=\"alignnone wp-image-77 size-full\" src=\"http:\/\/chateauderolle.ch\/wp-content\/uploads\/2022\/05\/lesMartinets_chazeauderolle.jpg\" alt=\"\" width=\"250\" height=\"256\" srcset=\"https:\/\/chateauderolle.ch\/wp-content\/uploads\/2022\/05\/lesMartinets_chazeauderolle.jpg 250w, https:\/\/chateauderolle.ch\/wp-content\/uploads\/2022\/05\/lesMartinets_chazeauderolle-40x40.jpg 40w\" sizes=\"(max-width: 250px) 100vw, 250px\" \/><\/a><img loading=\"lazy\" decoding=\"async\" class=\"alignnone size-full wp-image-78\" src=\"http:\/\/chateauderolle.ch\/wp-content\/uploads\/2022\/05\/lettres_de_lacote.jpg\" alt=\"\" width=\"250\" height=\"256\" srcset=\"https:\/\/chateauderolle.ch\/wp-content\/uploads\/2022\/05\/lettres_de_lacote.jpg 250w, https:\/\/chateauderolle.ch\/wp-content\/uploads\/2022\/05\/lettres_de_lacote-40x40.jpg 40w\" sizes=\"(max-width: 250px) 100vw, 250px\" \/><a href=\"https:\/\/chateauderolle.ch\/index.php\/livres-numerises\/\"><img loading=\"lazy\" decoding=\"async\" class=\"alignnone wp-image-80 size-full\" src=\"http:\/\/chateauderolle.ch\/wp-content\/uploads\/2022\/05\/livres_numerises.jpg\" alt=\"Journal_de_la_Guerre_des-Francais_en_Hollande\" width=\"250\" height=\"256\" srcset=\"https:\/\/chateauderolle.ch\/wp-content\/uploads\/2022\/05\/livres_numerises.jpg 250w, https:\/\/chateauderolle.ch\/wp-content\/uploads\/2022\/05\/livres_numerises-40x40.jpg 40w\" sizes=\"(max-width: 250px) 100vw, 250px\" \/><\/a> <a href=\"https:\/\/chateauderolle.ch\/index.php\/livres-remarquables\/\"><img loading=\"lazy\" decoding=\"async\" class=\"alignnone wp-image-81 size-full\" src=\"http:\/\/chateauderolle.ch\/wp-content\/uploads\/2022\/05\/livres_remarquables.jpg\" alt=\"\" width=\"250\" height=\"256\" srcset=\"https:\/\/chateauderolle.ch\/wp-content\/uploads\/2022\/05\/livres_remarquables.jpg 250w, https:\/\/chateauderolle.ch\/wp-content\/uploads\/2022\/05\/livres_remarquables-40x40.jpg 40w\" sizes=\"(max-width: 250px) 100vw, 250px\" \/><\/a><a href=\"https:\/\/chateauderolle.ch\/index.php\/madame-de-stael\/\"><img loading=\"lazy\" decoding=\"async\" class=\"alignnone wp-image-82 size-full\" src=\"http:\/\/chateauderolle.ch\/wp-content\/uploads\/2022\/05\/madame_de_stael.jpg\" alt=\"\" width=\"250\" height=\"256\" srcset=\"https:\/\/chateauderolle.ch\/wp-content\/uploads\/2022\/05\/madame_de_stael.jpg 250w, https:\/\/chateauderolle.ch\/wp-content\/uploads\/2022\/05\/madame_de_stael-40x40.jpg 40w\" sizes=\"(max-width: 250px) 100vw, 250px\" \/><\/a><a href=\"https:\/\/chateauderolle.ch\/index.php\/fondateurs\/\"><img loading=\"lazy\" decoding=\"async\" class=\"alignnone wp-image-73 size-full\" src=\"http:\/\/chateauderolle.ch\/wp-content\/uploads\/2022\/05\/fondateurs_delabibliotheque.jpg\" alt=\"\" width=\"250\" height=\"256\" srcset=\"https:\/\/chateauderolle.ch\/wp-content\/uploads\/2022\/05\/fondateurs_delabibliotheque.jpg 250w, https:\/\/chateauderolle.ch\/wp-content\/uploads\/2022\/05\/fondateurs_delabibliotheque-40x40.jpg 40w\" sizes=\"(max-width: 250px) 100vw, 250px\" \/><\/a><a href=\"https:\/\/chateauderolle.ch\/index.php\/nicolas-chatealain\/\"><img loading=\"lazy\" decoding=\"async\" class=\"alignnone wp-image-1067 size-full\" src=\"http:\/\/chateauderolle.ch\/wp-content\/uploads\/2022\/05\/nicolas_chatelain.jpg\" alt=\"\" width=\"250\" height=\"256\" \/><\/a><a href=\"https:\/\/chateauderolle.ch\/index.php\/historique-bibliotheque\/\"><img loading=\"lazy\" decoding=\"async\" class=\"alignnone wp-image-79 size-full\" src=\"http:\/\/chateauderolle.ch\/wp-content\/uploads\/2022\/05\/livres_anciens.jpg\" alt=\"\" width=\"250\" height=\"256\" srcset=\"https:\/\/chateauderolle.ch\/wp-content\/uploads\/2022\/05\/livres_anciens.jpg 250w, https:\/\/chateauderolle.ch\/wp-content\/uploads\/2022\/05\/livres_anciens-40x40.jpg 40w\" sizes=\"(max-width: 250px) 100vw, 250px\" \/><\/a><a href=\"https:\/\/chateauderolle.ch\/index.php\/tableau\/\"><img loading=\"lazy\" decoding=\"async\" class=\"alignnone wp-image-1217 size-full\" src=\"http:\/\/chateauderolle.ch\/wp-content\/uploads\/2023\/01\/Catalogue_en_ligne.jpg\" alt=\"\" width=\"250\" height=\"256\" \/><\/a><a href=\"https:\/\/chateauderolle.ch\/index.php\/documents\/\"><img loading=\"lazy\" decoding=\"async\" class=\"alignnone wp-image-1342 size-full\" src=\"http:\/\/chateauderolle.ch\/wp-content\/uploads\/2023\/01\/documents_.jpg\" alt=\"\" width=\"250\" height=\"256\" \/><\/a><\/p>\n<p><iframe loading=\"lazy\" src=\"\/\/www.youtube.com\/embed\/VNapi7gzWdU\" width=\"560\" height=\"314\" allowfullscreen=\"allowfullscreen\"><\/iframe><\/p>\n[\/et_pb_text][\/et_pb_column][\/et_pb_row][\/et_pb_section]\n","protected":false},"excerpt":{"rendered":"<p>CHATEAUDEROLLE.CH est inscrit au titre de site&#8230;<\/p>\n","protected":false},"author":1,"featured_media":0,"parent":0,"menu_order":0,"comment_status":"closed","ping_status":"closed","template":"","meta":{"_et_pb_use_builder":"on","_et_pb_old_content":"<span style=\"font-size: 20px;\">CHATEAUDEROLLE.CH est inscrit au titre de site internet d'int\u00e9r\u00eat national aupr\u00e8s de la <span style=\"color: #ff0000;\"><strong><a style=\"color: #ff0000;\" href=\"https:\/\/www.nationalbibliothek.ch\/fr\/home-2.html\" target=\"_blank\" rel=\"noopener\">Biblioth\u00e8que nationale suisse<\/a>.<\/strong><\/span><\/span>\r\n\r\n<a href=\"https:\/\/chateauderolle.ch\/index.php\/news\/\"><span style=\"font-size: 20px;\"><span style=\"color: #ff0000;\"><strong><img class=\"alignleft\" src=\"http:\/\/chateauderolle.ch\/wp-content\/uploads\/2024\/07\/news.jpg\" alt=\"\" \/><\/strong><\/span><\/span><\/a> <a href=\"https:\/\/chateauderolle.ch\/index.php\/association\/\"><img class=\"alignnone wp-image-66 size-full\" src=\"http:\/\/chateauderolle.ch\/wp-content\/uploads\/2022\/05\/association_chateau-1.jpg\" alt=\"\" width=\"250\" height=\"256\" \/><\/a><a href=\"https:\/\/chateauderolle.ch\/index.php\/chateau\/\"><img class=\"alignnone wp-image-76 size-full\" src=\"http:\/\/chateauderolle.ch\/wp-content\/uploads\/2022\/05\/histoire.jpg\" alt=\"\" width=\"250\" height=\"256\" \/><\/a><a href=\"https:\/\/chateauderolle.ch\/index.php\/historique-bibliotheque\/\"><img class=\"alignnone wp-image-83 size-full\" src=\"http:\/\/chateauderolle.ch\/wp-content\/uploads\/2022\/05\/naissance_bibliotheque.jpg\" alt=\"\" width=\"250\" height=\"256\" \/><\/a><a href=\"https:\/\/chateauderolle.ch\/index.php\/frederic-cesar-de-la-harpe\/\"><img class=\"alignnone wp-image-72 size-full\" src=\"http:\/\/chateauderolle.ch\/wp-content\/uploads\/2022\/05\/fc_delaHarpe.jpg\" alt=\"\" width=\"250\" height=\"256\" \/><\/a><img class=\"alignnone size-full wp-image-75\" src=\"http:\/\/chateauderolle.ch\/wp-content\/uploads\/2022\/05\/guide_voyage.jpg\" alt=\"\" width=\"250\" height=\"256\" \/> <a href=\"https:\/\/chateauderolle.ch\/index.php\/galerie\/\"><img class=\"alignnone wp-image-74 size-full\" src=\"http:\/\/chateauderolle.ch\/wp-content\/uploads\/2022\/05\/galerie.jpg\" alt=\"\" width=\"250\" height=\"256\" \/><\/a><a href=\"https:\/\/chateauderolle.ch\/index.php\/cartes-anciennes\/\"><img class=\"alignnone wp-image-68 size-full\" src=\"http:\/\/chateauderolle.ch\/wp-content\/uploads\/2022\/05\/cartes_anciennes.jpg\" alt=\"\" width=\"250\" height=\"256\" \/><\/a><a href=\"https:\/\/chateauderolle.ch\/index.php\/documents_anciens\/\"><img class=\"alignnone wp-image-1345 size-full\" src=\"http:\/\/chateauderolle.ch\/wp-content\/uploads\/2023\/01\/documents_anciens.jpg\" alt=\"\" width=\"250\" height=\"256\" \/><\/a><a href=\"https:\/\/chateauderolle.ch\/index.php\/expositions\/\"><img class=\"alignnone wp-image-71 size-full\" src=\"http:\/\/chateauderolle.ch\/wp-content\/uploads\/2022\/05\/evenements_culturels.jpg\" alt=\"\" width=\"250\" height=\"256\" \/><\/a><a href=\"https:\/\/chateauderolle.ch\/index.php\/archeologie\/\"><img class=\"alignnone wp-image-65 size-full\" src=\"http:\/\/chateauderolle.ch\/wp-content\/uploads\/2022\/05\/archeologie_chateau.jpg\" alt=\"\" width=\"250\" height=\"256\" \/><\/a> <a href=\"https:\/\/chateauderolle.ch\/index.php\/les-martinets-du-chateau\/\"><img class=\"alignnone wp-image-77 size-full\" src=\"http:\/\/chateauderolle.ch\/wp-content\/uploads\/2022\/05\/lesMartinets_chazeauderolle.jpg\" alt=\"\" width=\"250\" height=\"256\" \/><\/a><img class=\"alignnone size-full wp-image-78\" src=\"http:\/\/chateauderolle.ch\/wp-content\/uploads\/2022\/05\/lettres_de_lacote.jpg\" alt=\"\" width=\"250\" height=\"256\" \/><a href=\"https:\/\/chateauderolle.ch\/index.php\/livres-numerises\/\"><img class=\"alignnone wp-image-80 size-full\" src=\"http:\/\/chateauderolle.ch\/wp-content\/uploads\/2022\/05\/livres_numerises.jpg\" alt=\"Journal_de_la_Guerre_des-Francais_en_Hollande\" width=\"250\" height=\"256\" \/><\/a> <a href=\"https:\/\/chateauderolle.ch\/index.php\/livres-remarquables\/\"><img class=\"alignnone wp-image-81 size-full\" src=\"http:\/\/chateauderolle.ch\/wp-content\/uploads\/2022\/05\/livres_remarquables.jpg\" alt=\"\" width=\"250\" height=\"256\" \/><\/a><a href=\"https:\/\/chateauderolle.ch\/index.php\/madame-de-stael\/\"><img class=\"alignnone wp-image-82 size-full\" src=\"http:\/\/chateauderolle.ch\/wp-content\/uploads\/2022\/05\/madame_de_stael.jpg\" alt=\"\" width=\"250\" height=\"256\" \/><\/a><a href=\"https:\/\/chateauderolle.ch\/index.php\/fondateurs\/\"><img class=\"alignnone wp-image-73 size-full\" src=\"http:\/\/chateauderolle.ch\/wp-content\/uploads\/2022\/05\/fondateurs_delabibliotheque.jpg\" alt=\"\" width=\"250\" height=\"256\" \/><\/a><a href=\"https:\/\/chateauderolle.ch\/index.php\/nicolas-chatealain\/\"><img class=\"alignnone wp-image-1067 size-full\" src=\"http:\/\/chateauderolle.ch\/wp-content\/uploads\/2022\/05\/nicolas_chatelain.jpg\" alt=\"\" width=\"250\" height=\"256\" \/><\/a><a href=\"https:\/\/chateauderolle.ch\/index.php\/historique-bibliotheque\/\"><img class=\"alignnone wp-image-79 size-full\" src=\"http:\/\/chateauderolle.ch\/wp-content\/uploads\/2022\/05\/livres_anciens.jpg\" alt=\"\" width=\"250\" height=\"256\" \/><\/a><a href=\"https:\/\/chateauderolle.ch\/index.php\/tableau\/\"><img class=\"alignnone wp-image-1217 size-full\" src=\"http:\/\/chateauderolle.ch\/wp-content\/uploads\/2023\/01\/Catalogue_en_ligne.jpg\" alt=\"\" width=\"250\" height=\"256\" \/><\/a><a href=\"https:\/\/chateauderolle.ch\/index.php\/documents\/\"><img class=\"alignnone wp-image-1342 size-full\" src=\"http:\/\/chateauderolle.ch\/wp-content\/uploads\/2023\/01\/documents_.jpg\" alt=\"\" width=\"250\" height=\"256\" \/><\/a>\r\n\r\n<iframe src=\"\/\/www.youtube.com\/embed\/VNapi7gzWdU\" width=\"560\" height=\"314\" allowfullscreen=\"allowfullscreen\"><\/iframe>","_et_gb_content_width":"","footnotes":""},"class_list":["post-189","page","type-page","status-publish","hentry"],"_links":{"self":[{"href":"https:\/\/chateauderolle.ch\/index.php\/wp-json\/wp\/v2\/pages\/189","targetHints":{"allow":["GET"]}}],"collection":[{"href":"https:\/\/chateauderolle.ch\/index.php\/wp-json\/wp\/v2\/pages"}],"about":[{"href":"https:\/\/chateauderolle.ch\/index.php\/wp-json\/wp\/v2\/types\/page"}],"author":[{"embeddable":true,"href":"https:\/\/chateauderolle.ch\/index.php\/wp-json\/wp\/v2\/users\/1"}],"replies":[{"embeddable":true,"href":"https:\/\/chateauderolle.ch\/index.php\/wp-json\/wp\/v2\/comments?post=189"}],"version-history":[{"count":56,"href":"https:\/\/chateauderolle.ch\/index.php\/wp-json\/wp\/v2\/pages\/189\/revisions"}],"predecessor-version":[{"id":2096,"href":"https:\/\/chateauderolle.ch\/index.php\/wp-json\/wp\/v2\/pages\/189\/revisions\/2096"}],"wp:attachment":[{"href":"https:\/\/chateauderolle.ch\/index.php\/wp-json\/wp\/v2\/media?parent=189"}],"curies":[{"name":"wp","href":"https:\/\/api.w.org\/{rel}","templated":true}]}}