{"id":269,"date":"2022-05-05T00:33:11","date_gmt":"2022-05-04T22:33:11","guid":{"rendered":"https:\/\/chateauderolle.ch\/?page_id=269"},"modified":"2025-06-16T00:42:38","modified_gmt":"2025-06-15T22:42:38","slug":"chateau","status":"publish","type":"page","link":"https:\/\/chateauderolle.ch\/index.php\/chateau\/","title":{"rendered":"CH\u00c2TEAU"},"content":{"rendered":"<p style=\"text-align: justify;\"><span style=\"font-size: 20px;\"><strong>7 SI\u00c8CLES D\u2019HISTOIRE<\/strong><\/span><\/p>\n<p style=\"text-align: justify;\"><span style=\"font-size: 16px;\">Parmi les nombreux ch\u00e2teaux forts qui, tout au long du Moyen Age, ont vu le jour sur les rives du lac L\u00e9man, celui de Rolle est l\u2019un des plus myst\u00e9rieux, du moins en ce qui concerne son origine et l\u2019histoire de sa construction. Comme celui de Morges, il s\u2019\u00e9l\u00e8ve tout pr\u00e8s de l\u2019eau et, jadis, \u00e9tait prot\u00e9g\u00e9 du c\u00f4t\u00e9 de la ville par des foss\u00e9s. D\u00e9pourvu de ses fortifications ext\u00e9rieures cet ouvrage se pr\u00e9sente aujourd\u2019hui comme un quadrilat\u00e8re de plan irr\u00e9gulier, flanqu\u00e9 \u00e0 chaque angle d\u2019une tour.<\/span><\/p>\n<p style=\"text-align: justify;\"><span style=\"font-size: 16px;\">Sa partie ouest a presque compl\u00e8tement perdu sa silhouette moyen\u00e2geuse. Aussi bien dans la forme que dans le genre de leur construction, les tours d\u2019angle diff\u00e8rent fortement l\u2019une de l\u2019autre. Celle de l\u2019angle nord-ouest est de plan circulaire, la tour flanquant l\u2019angle obtus tourn\u00e9 vers le lac est construite sur un plan rectangulaire, tandis que le plan des deux autres d\u00e9crit un demi-ovale ferm\u00e9 et surhauss\u00e9. Entre ces tours, l\u2019enceinte d\u00e9crit des lignes droites. Par endroits, les restes d\u2019un chemin de ronde sont encore visibles.<\/span><\/p>\n<p style=\"text-align: justify;\"><span style=\"font-size: 16px;\">Quelques longs b\u00e2timents contigus s\u2019adossent sur la face int\u00e9rieure des murailles, o\u00f9 ils cernent une vaste cour. Plusieurs phases de construction se profilent sur ces b\u00e2tisses. Des arcades am\u00e9nag\u00e9es du c\u00f4t\u00e9 de la cour ont en grande partie \u00e9t\u00e9 mur\u00e9es. La distribution int\u00e9rieure a elle aussi subi divers remaniements. Sont notamment de date r\u00e9cente les grandes fen\u00eatres qui, surtout du c\u00f4t\u00e9 ext\u00e9rieur, ont largement entrav\u00e9 le caract\u00e8re d\u00e9fensif du ch\u00e2teau. Les meurtri\u00e8res dont sont munis le mur d\u2019enceinte et les tours d\u2019angle ont \u00e9t\u00e9 modifi\u00e9es lorsque apparurent les armes \u00e0 feu.<\/span><\/p>\n<figure id=\"attachment_277\" aria-describedby=\"caption-attachment-277\" style=\"width: 669px\" class=\"wp-caption alignright\"><img loading=\"lazy\" decoding=\"async\" class=\"wp-image-277\" src=\"http:\/\/chateauderolle.ch\/wp-content\/uploads\/2022\/05\/YUN00041-1024x576.jpg\" alt=\"\" width=\"669\" height=\"377\" srcset=\"https:\/\/chateauderolle.ch\/wp-content\/uploads\/2022\/05\/YUN00041-1024x576.jpg 1024w, https:\/\/chateauderolle.ch\/wp-content\/uploads\/2022\/05\/YUN00041-300x169.jpg 300w, https:\/\/chateauderolle.ch\/wp-content\/uploads\/2022\/05\/YUN00041-768x432.jpg 768w, https:\/\/chateauderolle.ch\/wp-content\/uploads\/2022\/05\/YUN00041-1536x864.jpg 1536w, https:\/\/chateauderolle.ch\/wp-content\/uploads\/2022\/05\/YUN00041-2048x1152.jpg 2048w\" sizes=\"(max-width: 669px) 100vw, 669px\" \/><figcaption id=\"caption-attachment-277\" class=\"wp-caption-text\">Vue a\u00e9rienne du Ch\u00e2teau de Rolle (photo Denys Jaquet)<\/figcaption><\/figure>\n<p style=\"text-align: justify;\"><span style=\"font-size: 16px;\">Sans une \u00e9tude arch\u00e9ologique approfondie, il n\u2019est pas possible d\u2019expliquer de fa\u00e7on concluante pourquoi la forteresse de Rolle pr\u00e9sente un plan aussi \u00e9trangement irr\u00e9gulier, surtout en ce qui concerne la partie donnant sur le lac, avec son mur d\u2019enceinte \u00e0 angle obtus et sa tour carr\u00e9e. Pour ce qui est du reste du ch\u00e2teau, donc de la tour ronde et des deux tours flanquantes semi-circulaires, on a tendance \u00e0 voir l\u00e0 le torse d\u2019un ouvrage correspondant au mod\u00e8le du carr\u00e9 savoyard, avec donjon rond et tours d\u2019angle plus petites. Mais comment la partie orientale du ch\u00e2teau, totalement diff\u00e9rente du sch\u00e9ma habituel, s\u2019explique-t-elle? Le plan primitif du carr\u00e9 n\u2019a-t-il jamais \u00e9t\u00e9 mis \u00e0 ex\u00e9cution du c\u00f4t\u00e9 du lac ou a-t-il \u00e9t\u00e9 librement modifi\u00e9 pour permettre d\u2019englober dans l\u2019ouvrage une tour plus ancienne?<\/span><\/p>\n<p>&nbsp;<\/p>\n<figure id=\"attachment_285\" aria-describedby=\"caption-attachment-285\" style=\"width: 160px\" class=\"wp-caption alignleft\"><img loading=\"lazy\" decoding=\"async\" class=\"wp-image-285 size-full\" src=\"http:\/\/chateauderolle.ch\/wp-content\/uploads\/2022\/05\/Amedee_v_desavoie.jpg\" alt=\"\" width=\"160\" height=\"150\" \/><figcaption id=\"caption-attachment-285\" class=\"wp-caption-text\">Am\u00e9d\u00e9e V<\/figcaption><\/figure>\n<p style=\"text-align: justify;\"><strong><span style=\"font-size: 20px;\">LES B\u00c2TISSEURS<\/span><br \/>\n<\/strong><br \/>\n<span style=\"font-size: 16px;\">Le ch\u00e2teau a certainement \u00e9t\u00e9 fond\u00e9 par la maison de Savoie, sans doute au cours du troisi\u00e8me quart du XIIIe si\u00e8cle. Cit\u00e9e pour la premi\u00e8re fois dans des actes de 1291, la forteresse de Rolle se trouvait alors en possession du <a href=\"https:\/\/www.lhistoire.fr\/et-am%C3%A9d%C3%A9e-v-modernisa-la-savoie\" target=\"_blank\" rel=\"noopener\">comte Am\u00e9d\u00e9e V de Savoie<\/a>, qui \u00e0 cette date l&rsquo;inf\u00e9oda \u00e0 <a href=\"https:\/\/hls-dhs-dss.ch\/fr\/articles\/020641\/2013-01-29\/\" target=\"_blank\" rel=\"noopener\">Aymon de Sallenove<\/a>.<\/span><\/p>\n<p style=\"text-align: justify;\"><span style=\"font-size: 16px;\">En 1295, le fief passa aux mains du chevalier <a href=\"https:\/\/doc.rero.ch\/record\/8965\/\" target=\"_blank\" rel=\"noopener\">Jean de Greilly<\/a>, dont les descendant r\u00e9sid\u00e8rent \u00e0 Rolle jusqu&rsquo;au XVe si\u00e8cle. C&rsquo;est vers 1319 que les comtes de Savoie fond\u00e8rent la petite ville de Rolle, sur le terrain bas qui s&rsquo;\u00e9tend \u00e0 l&rsquo;ouest du ch\u00e2teau.<\/span><\/p>\n<p style=\"text-align: justify;\"><span style=\"font-size: 16px;\">Apr\u00e8s 1400, les seigneurs de Greilly h\u00e9rit\u00e8rent non seulement le titre de comtes de Foix, mais encore des terres \u00e9tendues en Guyenne. Ce qui entra\u00eena cette famille dans les d\u00e9sordres cons\u00e9cutifs \u00e0\u00a0la Guerre\u00a0de Cent Ans, qui opposait\u00a0la France\u00a0\u00e0 l&rsquo;Angleterre. <a href=\"https:\/\/fr.wikipedia.org\/wiki\/Jean_de_Foix-Candale#:~:text=Jean%20de%20Foix%2DCandale%20(n%C3%A9,l'Ordre%20de%20la%20Jarreti%C3%A8re.\" target=\"_blank\" rel=\"noopener\">Jean de Greilly, comte de Foix<\/a>, partisan de l&rsquo;Angleterre, fut fait prisonnier en 1453 par les Fran\u00e7ais. Pour pouvoir payer la ran\u00e7on exig\u00e9e, son p\u00e8re se vit oblig\u00e9 de vendre son fief savoyard. Rolle fut acquis par <a href=\"https:\/\/hls-dhs-dss.ch\/fr\/articles\/020652\/2015-01-03\/\" target=\"_blank\" rel=\"noopener\">Am\u00e9d\u00e9e de Viry<\/a>, seigneur de Mont-le-Vieux.<\/span><\/p>\n<p style=\"text-align: justify;\"><span style=\"font-size: 16px;\">En 1531, les biens de ce dernier pass\u00e8rent \u00e0 <a href=\"https:\/\/hls-dhs-dss.ch\/fr\/articles\/007586\/2010-02-15\/\" target=\"_blank\" rel=\"noopener\">Jean Am\u00e9d\u00e9e de Beaufort<\/a> et en 1536, les Bernois, lorsqu&rsquo;ils prirent possession du Pays de Vaud, se charg\u00e8rent \u00e9galement de la suzerainet\u00e9 savoyarde sur Rolle. Mais Jean Am\u00e9d\u00e9e, membre de la <a title=\"Ligue de la Cuiller\" href=\"https:\/\/fr.wikipedia.org\/wiki\/Confr%C3%A9rie_de_la_Cuill%C3%A8re\" target=\"_blank\" rel=\"noopener\">Ligue de la Cuiller<\/a>, ne daigna pr\u00eater hommage et fid\u00e9lit\u00e9 au Conseil de Berne qu&rsquo;en 1543.<\/span><\/p>\n<p style=\"text-align: justify;\"><span style=\"font-size: 16px;\">En 1550, de lourdes dettes le contraignirent \u00e0 vendre le ch\u00e2teau de Rolle au comte Michel de Gruy\u00e8res, qui ne jouit toutefois pas longtemps de sa remarquable acquisition. Sa ruine \u00e9conomique, provoqu\u00e9e par Berne et Fribourg, l&rsquo;oblige \u00e0 son tour \u00e0 vendre ses biens.<\/span><\/p>\n<p style=\"text-align: justify;\"><span style=\"font-size: 16px;\">Le ch\u00e2teau de Rolle fut achet\u00e9 en 1558 par un riche patricien bernois, Jean de Steiger, dont les armoiries ornent aujourd&rsquo;hui encore la fa\u00e7ade donnant sur la cour. La famille de Steiger conserva le ch\u00e2teau et les droits seigneuriaux pr\u00e8s de deux si\u00e8cles. <a href=\"https:\/\/hls-dhs-dss.ch\/fr\/articles\/007586\/2010-02-15\/\" target=\"_blank\" rel=\"noopener\">(Rolle seigneurie de 1270 \u00e0 1483 )<\/a><\/span><\/p>\n<p style=\"text-align: justify;\"><span style=\"font-size: 16px;\">Par succession, le ch\u00e2teau passe aux mains de Charles-Rodolphe Kirchberger (1739 -1808) en 1765. Ruin\u00e9 lui aussi, mais par la liquidation des droits f\u00e9odaux, il vend tous ses biens.<\/span><\/p>\n<p style=\"text-align: justify;\"><span style=\"font-size: 16px;\">Le ch\u00e2teau est ainsi rachet\u00e9 par la commune de Rolle, en mise publique, le 29 mars 1799.<\/span><\/p>\n<p style=\"text-align: justify;\"><span style=\"font-size: 16px;\">Ensuite, la commune l&rsquo;utilisa pour loger les \u00e9coles, les prisons de district, la biblioth\u00e8que publique et l&rsquo;administration communale. Aujourd&rsquo;hui, le ch\u00e2teau accueille des associations, une salle d&rsquo;exposition et les s\u00e9ances du Conseil communal. Il abrite la biblioth\u00e8que historique riche de 20000 ouvrages. Sa situation privil\u00e9gi\u00e9e, au bord du L\u00e9man, au coeur d&rsquo;une r\u00e9gion touristique tr\u00e8s pris\u00e9e, le destine \u00e0 un avenir prometteur.<\/span><\/p>\n<p style=\"text-align: justify;\"><span style=\"font-size: 16px;\">Le ch\u00e2teau de Rolle est l&rsquo;un des dernier ch\u00e2teau du Pays de Vaud \u00e0 ne pas avoir re\u00e7u une affectation digne de son histoire lui permettant de retrouver son luxe d&rsquo;antan.<\/span><\/p>\n<p style=\"text-align: justify;\"><span style=\"font-size: 16px;\">L&rsquo;Association des Amis du Ch\u00e2teau de Rolle cr\u00e9\u00e9e en 2005 veille d\u00e9sormais \u00e0 la conservation et \u00e0 la dynamisation de ce patrimoine.<\/span><\/p>\n<p>&nbsp;<\/p>\n<h3>PLAN DU CH\u00c2TEAU EN 1779<\/h3>\n<figure id=\"attachment_1965\" aria-describedby=\"caption-attachment-1965\" style=\"width: 830px\" class=\"wp-caption alignnone\"><img loading=\"lazy\" decoding=\"async\" class=\"wp-image-1965 \" src=\"http:\/\/chateauderolle.ch\/wp-content\/uploads\/2025\/06\/planchateau1779-1024x883.jpg\" alt=\"Plan du Ch\u00e2teau de Rolle en 1779\" width=\"830\" height=\"715\" srcset=\"https:\/\/chateauderolle.ch\/wp-content\/uploads\/2025\/06\/planchateau1779-1024x883.jpg 1024w, https:\/\/chateauderolle.ch\/wp-content\/uploads\/2025\/06\/planchateau1779-300x259.jpg 300w, https:\/\/chateauderolle.ch\/wp-content\/uploads\/2025\/06\/planchateau1779-768x662.jpg 768w, https:\/\/chateauderolle.ch\/wp-content\/uploads\/2025\/06\/planchateau1779-1536x1325.jpg 1536w, https:\/\/chateauderolle.ch\/wp-content\/uploads\/2025\/06\/planchateau1779-2048x1766.jpg 2048w, https:\/\/chateauderolle.ch\/wp-content\/uploads\/2025\/06\/planchateau1779-1080x931.jpg 1080w\" sizes=\"(max-width: 830px) 100vw, 830px\" \/><figcaption id=\"caption-attachment-1965\" class=\"wp-caption-text\">Plan du Ch\u00e2teau de Rolle en 1779<\/figcaption><\/figure>\n","protected":false},"excerpt":{"rendered":"<p>7 SI\u00c8CLES D\u2019HISTOIRE Parmi les nombreux ch\u00e2teaux forts qui, tout au long du Moyen Age, ont vu le jour sur les rives du lac L\u00e9man, celui de Rolle est l\u2019un des plus myst\u00e9rieux, du moins en ce qui concerne son origine et l\u2019histoire de sa construction. Comme celui de Morges, il s\u2019\u00e9l\u00e8ve tout pr\u00e8s de&#8230;<\/p>\n","protected":false},"author":1,"featured_media":0,"parent":0,"menu_order":0,"comment_status":"closed","ping_status":"closed","template":"","meta":{"_et_pb_use_builder":"","_et_pb_old_content":"","_et_gb_content_width":"","footnotes":""},"class_list":["post-269","page","type-page","status-publish","hentry"],"_links":{"self":[{"href":"https:\/\/chateauderolle.ch\/index.php\/wp-json\/wp\/v2\/pages\/269","targetHints":{"allow":["GET"]}}],"collection":[{"href":"https:\/\/chateauderolle.ch\/index.php\/wp-json\/wp\/v2\/pages"}],"about":[{"href":"https:\/\/chateauderolle.ch\/index.php\/wp-json\/wp\/v2\/types\/page"}],"author":[{"embeddable":true,"href":"https:\/\/chateauderolle.ch\/index.php\/wp-json\/wp\/v2\/users\/1"}],"replies":[{"embeddable":true,"href":"https:\/\/chateauderolle.ch\/index.php\/wp-json\/wp\/v2\/comments?post=269"}],"version-history":[{"count":25,"href":"https:\/\/chateauderolle.ch\/index.php\/wp-json\/wp\/v2\/pages\/269\/revisions"}],"predecessor-version":[{"id":1968,"href":"https:\/\/chateauderolle.ch\/index.php\/wp-json\/wp\/v2\/pages\/269\/revisions\/1968"}],"wp:attachment":[{"href":"https:\/\/chateauderolle.ch\/index.php\/wp-json\/wp\/v2\/media?parent=269"}],"curies":[{"name":"wp","href":"https:\/\/api.w.org\/{rel}","templated":true}]}}