{"id":300,"date":"2022-05-05T10:22:40","date_gmt":"2022-05-05T08:22:40","guid":{"rendered":"http:\/\/chateauderolle.ch\/?page_id=300"},"modified":"2024-07-07T18:03:29","modified_gmt":"2024-07-07T16:03:29","slug":"naissance-dun-royaume","status":"publish","type":"page","link":"https:\/\/chateauderolle.ch\/index.php\/naissance-dun-royaume\/","title":{"rendered":"NAISSANCE D&rsquo;UN ROYAUME"},"content":{"rendered":"<div align=\"justify\">\n<div align=\"justify\">\n<p><span style=\"font-size: 16px;\"><strong>LA NAISSANCE D&rsquo;UN ROYAUME<\/strong><\/span><\/p>\n<p>Apr\u00e8s la r\u00e9union des deux Bourgognes sous le sceptre de l&#8217;empereur Conrad le Salique, Humbert Ier obtint de ce prince le titre de comte souverain de Maurienne. Cette concession, toutefois, ne s&rsquo;\u00e9tendait qu&rsquo;\u00e0 une partie de la Maurienne et \u00e0 quelques-unes de ses petites vall\u00e9es. Le comte habita, ainsi que ses successeurs, jusqu&rsquo;au milieu du XIIIe\u00a0si\u00e8cle, le ch\u00e2teau fort de Charbonni\u00e8re, r\u00e9sidence ordinaire d\u00e9s marquis, feudataires des rois de Bourgogne et charg\u00e9s, par eux, de d\u00e9fendre la vall\u00e9e de Maurienne et la ville d&rsquo;Aiguebelle. Tels furent l&rsquo;humble berceau et les premiers domaines de la puissante monarchie de Savoie.<\/p>\n<p>Cependant le titre de comte de Savoie ne semble avoir \u00e9t\u00e9 pris pour la premi\u00e8re fois que par Humbert\u00a0II. La Savoie eut, comme la France, les folles terreurs de l&rsquo;an 1000 qui multipli\u00e8rent les fondations religieuses. Le si\u00e8cle suivant fut celui des croisades\u00a0; ce fut principalement \u00e0 la troisi\u00e8me que prit part la Savoie. Am\u00e9d\u00e9e III accompagna le roi de France Louis\u00a0VII\u00a0; il mourut \u00e0 Nicosie, dans l&rsquo;\u00eele de Chypre, deux ans apr\u00e8s son d\u00e9part de Charbonni\u00e8re.<\/p>\n<p>Voici le nom des principaux seigneurs dont il fut suivi le baron de Faucigny et son fils, les barons de Seyssel et de La Chambre, ceux de Miolans et de Montbel, les seigneurs de Thoire, de Montmayeur, de Vienne-de-Viry, de La Palude, de Blonay, de Chevron-Villette, de Chignin et de Ch\u00e2tillon.<\/p>\n<figure id=\"attachment_1905\" aria-describedby=\"caption-attachment-1905\" style=\"width: 207px\" class=\"wp-caption alignright\"><img loading=\"lazy\" decoding=\"async\" class=\"wp-image-1905 size-medium\" src=\"http:\/\/chateauderolle.ch\/wp-content\/uploads\/2024\/07\/Filippo_I_di_Savoia-207x300.jpg\" alt=\"Filippo I, count of Savoia (1207-1285)\" width=\"207\" height=\"300\" srcset=\"https:\/\/chateauderolle.ch\/wp-content\/uploads\/2024\/07\/Filippo_I_di_Savoia-207x300.jpg 207w, https:\/\/chateauderolle.ch\/wp-content\/uploads\/2024\/07\/Filippo_I_di_Savoia.jpg 500w\" sizes=\"(max-width: 207px) 100vw, 207px\" \/><figcaption id=\"caption-attachment-1905\" class=\"wp-caption-text\"><span style=\"font-size: 10px;\">Philippe Ier de Savoie (1207-1285)<\/span><\/figcaption><\/figure>\n<p>De l&rsquo;an 1033 \u00e0 1391, dix-sept comtes de la dynastie de Savoie poss\u00e8dent successivement tout ou partie du pays. Voici la liste de ces princes, avec la date approximative de leur r\u00e8gne, sans y comprendre le trop probl\u00e9matique B\u00e9rold de Saxe\u00a0: 1033. Humbert\u00a0Ier, dit aux Blanches mains. &#8211;\u00a01048. Am\u00e9d\u00e9e\u00a0Ier, ou, par abr\u00e9viation, Am\u00e9, surnomm\u00e9 la Queue. &#8211;\u00a01069. Oddon ou Othon. &#8211;\u00a01078. Am\u00e9d\u00e9e\u00a0Il, surnomm\u00e9 Ad\u00e9lao. &#8211;\u00a01094. Humbert\u00a0II, dit le Renforc\u00e9. &#8211;\u00a01103, Am\u00e9d\u00e9e\u00a0III. &#8211;\u00a01150. Humbert\u00a0III, surnomm\u00e9 le Saint. &#8211;\u00a01188. Thomas\u00a0Ier. &#8211;\u00a01230. Am\u00e9d\u00e9e\u00a0IV. &#8211;\u00a01253. Boniface, dit le Roland. &#8211;\u00a0<a href=\"https:\/\/fr.wikipedia.org\/wiki\/Pierre_II_de_Savoie\" target=\"_blank\" rel=\"noopener\">1263. Pierre, dit le petit Charlemagne<\/a>. &#8211;\u00a0<a href=\"https:\/\/fr.wikipedia.org\/wiki\/Philippe_Ier_de_Savoie\" target=\"_blank\" rel=\"noopener\">1268. Philippe<\/a>. &#8211;\u00a0<a href=\"https:\/\/www.lhistoire.fr\/et-am%C3%A9d%C3%A9e-v-modernisa-la-savoie\" target=\"_blank\" rel=\"noopener\">1285. Am\u00e9d\u00e9e\u00a0V<\/a>, dit le Grand. &#8211;\u00a01323. \u00c9douard, surnomm\u00e9 le Lib\u00e9ral. &#8211;\u00a01329. Aimon, dit le Pacifique. &#8211;\u00a01344. Am\u00e9d\u00e9e\u00a0VI, dit le comte Vert. &#8211;\u00a01383. Am\u00e9d\u00e9e VII, surnomm\u00e9 le Rouge, le Noir ou le Roux.<\/p>\n<figure id=\"attachment_1909\" aria-describedby=\"caption-attachment-1909\" style=\"width: 222px\" class=\"wp-caption alignleft\"><img loading=\"lazy\" decoding=\"async\" class=\"wp-image-1909\" src=\"http:\/\/chateauderolle.ch\/wp-content\/uploads\/2024\/07\/Edouard_de_Savoie-281x300.jpg\" alt=\"Edouard de Savoie (1322-1395)\" width=\"222\" height=\"238\" srcset=\"https:\/\/chateauderolle.ch\/wp-content\/uploads\/2024\/07\/Edouard_de_Savoie-281x300.jpg 281w, https:\/\/chateauderolle.ch\/wp-content\/uploads\/2024\/07\/Edouard_de_Savoie.jpg 387w\" sizes=\"(max-width: 222px) 100vw, 222px\" \/><figcaption id=\"caption-attachment-1909\" class=\"wp-caption-text\"><span style=\"font-size: 10px;\">Edouard de Savoie (1322-1395)<\/span><\/figcaption><\/figure>\n<p>Sous Boniface, ce fut la l\u00e8pre qui envahit le pays. Ce prince mourut prisonnier de Charles d&rsquo;Anjou, qui l&rsquo;avait vaincu \u00e0 Turin. Pierre vengea son neveu\u00a0; il \u00e9leva la Savoie au rang des puissances secondaires de son temps.<\/p>\n<p>Sous Am\u00e9d\u00e9e VI, les fronti\u00e8res de la Savoie se d\u00e9terminent d&rsquo;une mani\u00e8re presque stable du c\u00f4t\u00e9 du Valais, de la France et du Dauphin\u00e9. Ce prince acquiert les baronnies du pays de Vaud, se consolide \u00e0 Gen\u00e8ve et dans le Pi\u00e9mont.<br \/>\n<span style=\"word-spacing: normal;\">Aux dix-sept comtes succ\u00e8de, en 1391, dans la personne d&rsquo;Am\u00e9d\u00e9e VIII, dit le Pacifique ou le Salomon, une s\u00e9rie de quatorze ducs:<\/span><\/p>\n<p><span style=\"word-spacing: normal;\">Louis, en 1440 ; &#8211; Am\u00e9d\u00e9e IX, dit le Bienheureux, en 1465 ; &#8211; Philibert Ier, surnomm\u00e9 le Chasseur, en 1472 ; \u00e0 Charles Ier, surnomm\u00e9 le Guerrier, en 1482 ; &#8211; Charles-Jean-Am\u00e9d\u00e9e ou Charles II, en 1490 ; &#8211; Philippe, surnomm\u00e9 sans Terre, en 1496 ; &#8211; Philibert II, surnomm\u00e9 le Beau, en 1497 ; &#8211; Charles III, surnomm\u00e9 le Bon ou le Malheureux, en 1504 ; -Emmanuel-Philibert, surnomm\u00e9 T\u00eate de Fer ou le Prince \u00e0 cent yeux, en 1553 ; &#8211; Charles-Emmanuel, surnomm\u00e9 le Grand, en 1590 ; &#8211; Victor-Am\u00e9d\u00e9e Ier, en 1630 ; &#8211; Fran\u00e7ois-Hyacinthe, en 1637 ; &#8211; Charles-Emmanuel II, en 1638.<\/span><\/p>\n<p><span style=\"word-spacing: normal;\">Peu d&rsquo;\u00e9loges et de pan\u00e9gyriques princiers valent ce que dit Olivier de La Marelle d&rsquo;Am\u00e9d\u00e9e VIII. \u00ab En ce temps o\u00f9 l&rsquo;Europe enti\u00e8re \u00e9tait en armes, le duc, homme de vertus singuli\u00e8res, \u00e9tait enclin a la paix ; il v\u00e9cut sans guerre avec Fran\u00e7ais et Bourguignons et si sagement se gouverna parmi tant de divisions, que son pays de Savoie \u00e9tait le plus riche, le plus s\u00fbr, le plus plantureux de tous ses voisins. \u00bb<br \/>\n<\/span><span style=\"word-spacing: normal;\">Les d\u00e9veloppements et la prosp\u00e9rit\u00e9 d&rsquo;Annecy datent de ce r\u00e8gne. Chamb\u00e9ry re\u00e7ut dans ses murs l&#8217;empereur Sigismond, qui, le jour m\u00eame de son arriv\u00e9e, en 1416, \u00e9rigea en duch\u00e9 le comt\u00e9 de Savoie. L&rsquo;ordre de Saint-Maurice fut cr\u00e9\u00e9 par Am\u00e9d\u00e9e VIII, en 1434. Quoique le duc Louis f\u00fbt loin de poss\u00e9der les qualit\u00e9s de son p\u00e8re, et quoique son r\u00e8gne ait \u00e9t\u00e9 beaucoup moins glorieux, ses alliances apport\u00e8rent aux souverains de Savoie le titre de rois de Chypre et de J\u00e9rusalem. Des froids excessifs, des pestes, des famines et des dissensions intestines concoururent \u00e0 rendre malheureux le r\u00e8gne d&rsquo;Am\u00e9d\u00e9e IX et la r\u00e9gence qui suivit.<\/span><\/p>\n<p><span style=\"word-spacing: normal;\">Sous le r\u00e8gne suivant, quoique le duc Charles ait \u00e9t\u00e9 surnomm\u00e9 le Guerrier, la Savoie retrouva des jours meilleurs. La cour de ce prince \u00e9tait, disent les chroniqueurs du temps, une parfaite \u00e9cole d&rsquo;honneur et de vertu. Ce fut \u00e0 cette \u00e9cole que l&rsquo;\u00e9v\u00eaque de Grenoble conduisit, en 1488, son neveu Pierre du Terrail, qui devint depuis l&rsquo;illustre Bayard, le chevalier sans peur et sans reproche. Jeune alors, ce h\u00e9ros servit le duc Charles Ier, en qualit\u00e9 de page, et continua son service aupr\u00e8s de sa veuve Blanche de Montferrat.<\/span><\/p>\n<\/div>\n<\/div><div align=\"justify\">\n<p><a href=\"http:\/\/www.france-pittoresque.com\">Source:www.france-pittoresque.com<\/a><\/p>\n<\/div>\n","protected":false},"excerpt":{"rendered":"<p>LA NAISSANCE D&rsquo;UN ROYAUME Apr\u00e8s la r\u00e9union des deux Bourgognes sous le sceptre de l&#8217;empereur Conrad le Salique, Humbert Ier obtint de ce prince le titre de comte souverain de Maurienne. Cette concession, toutefois, ne s&rsquo;\u00e9tendait qu&rsquo;\u00e0 une partie de la Maurienne et \u00e0 quelques-unes de ses petites vall\u00e9es. Le comte habita, ainsi que ses&#8230;<\/p>\n","protected":false},"author":1,"featured_media":0,"parent":0,"menu_order":0,"comment_status":"closed","ping_status":"closed","template":"","meta":{"_et_pb_use_builder":"","_et_pb_old_content":"","_et_gb_content_width":"","footnotes":""},"class_list":["post-300","page","type-page","status-publish","hentry"],"_links":{"self":[{"href":"https:\/\/chateauderolle.ch\/index.php\/wp-json\/wp\/v2\/pages\/300","targetHints":{"allow":["GET"]}}],"collection":[{"href":"https:\/\/chateauderolle.ch\/index.php\/wp-json\/wp\/v2\/pages"}],"about":[{"href":"https:\/\/chateauderolle.ch\/index.php\/wp-json\/wp\/v2\/types\/page"}],"author":[{"embeddable":true,"href":"https:\/\/chateauderolle.ch\/index.php\/wp-json\/wp\/v2\/users\/1"}],"replies":[{"embeddable":true,"href":"https:\/\/chateauderolle.ch\/index.php\/wp-json\/wp\/v2\/comments?post=300"}],"version-history":[{"count":12,"href":"https:\/\/chateauderolle.ch\/index.php\/wp-json\/wp\/v2\/pages\/300\/revisions"}],"predecessor-version":[{"id":1911,"href":"https:\/\/chateauderolle.ch\/index.php\/wp-json\/wp\/v2\/pages\/300\/revisions\/1911"}],"wp:attachment":[{"href":"https:\/\/chateauderolle.ch\/index.php\/wp-json\/wp\/v2\/media?parent=300"}],"curies":[{"name":"wp","href":"https:\/\/api.w.org\/{rel}","templated":true}]}}