{"id":515,"date":"2022-05-05T15:32:57","date_gmt":"2022-05-05T13:32:57","guid":{"rendered":"http:\/\/chateauderolle.ch\/?page_id=515"},"modified":"2023-01-20T12:03:04","modified_gmt":"2023-01-20T11:03:04","slug":"baronnie-de-vaud","status":"publish","type":"page","link":"https:\/\/chateauderolle.ch\/index.php\/baronnie-de-vaud\/","title":{"rendered":"BARONNIE DE VAUD"},"content":{"rendered":"<div style=\"text-align: justify;\" align=\"justify\">\n<figure id=\"attachment_463\" aria-describedby=\"caption-attachment-463\" style=\"width: 181px\" class=\"wp-caption aligncenter\"><img loading=\"lazy\" decoding=\"async\" class=\"wp-image-463 \" style=\"font-size: 16px;\" src=\"http:\/\/chateauderolle.ch\/wp-content\/uploads\/2022\/05\/seigneurerie_de_Vaud.jpg\" alt=\"\" width=\"181\" height=\"201\" \/><figcaption id=\"caption-attachment-463\" class=\"wp-caption-text\">Seigneurie de Vaud<\/figcaption><\/figure>\n<p><span style=\"color: #086b99;\"><strong><span style=\"font-size: 16px;\"><span style=\"font-size: 20px;\">La baronnie de Vaud<\/span><\/span><\/strong><\/span><span style=\"color: #5d909e;\"><strong><span style=\"font-size: 16px;\"><br \/>\n<\/span><\/strong><\/span><span style=\"font-size: 16px;\">(1285-1359) Dans l&rsquo;impossibilit\u00e9 de s&rsquo;entendre au sujet de l&rsquo;h\u00e9ritage de leur oncle Philippe, Am\u00e9d\u00e9e et Louis de Savoie choisirent de proc\u00e9der au partage des biens. Am\u00e9d\u00e9e, l&rsquo;a\u00een\u00e9, h\u00e9rita du titre, de la souverainet\u00e9 sur l&rsquo;ensemble des possessions et obtint la Savoie et le Chablais. Louis re\u00e7ut en fief (ou apanage) le Pays de Vaud et devint \u00ab\u00a0seigneur ou sire de Vaud\u00a0\u00bb. A la fin du XV e si\u00e8cle, on utilisera les termes de baronnie et de baron de Vaud.\u00a0<\/span><span style=\"font-size: 16px;\">Louis I er , de 1285 \u00e0 1302, son fils Louis II, de 1302 \u00e0 1349, enfin sa petite-fille Catherine, dame de Vaud de 1349 \u00e0 1359, gouvern\u00e8rent un domaine qui regroupait une partie seulement du Pays de Vaud. Quelques seigneuries continu\u00e8rent \u00e0 d\u00e9pendre directement du comte de Savoie ; la famille comtoise des Montfaucon poss\u00e9dait Echallens et Orbe ; l&rsquo;\u00e9v\u00eaque tenait Lausanne, Lavaux, Avenches et Bulle.<\/span><span style=\"font-size: 16px;\">Catherine et son mari, le comte de Namur en Belgique, peu int\u00e9ress\u00e9s par leur lointaine possession vaudoise, revendirent en 1359 leurs droits sur le Pays de Vaud \u00e0 leur parent le comte de Savoie Am\u00e9d\u00e9e VI.<\/span><\/p>\n<figure id=\"attachment_459\" aria-describedby=\"caption-attachment-459\" style=\"width: 300px\" class=\"wp-caption alignleft\"><img loading=\"lazy\" decoding=\"async\" class=\"wp-image-459 size-medium\" style=\"color: #333333; font-size: 16px;\" src=\"http:\/\/chateauderolle.ch\/wp-content\/uploads\/2022\/05\/rollevers1650-300x248.jpg\" alt=\"\" width=\"300\" height=\"248\" srcset=\"https:\/\/chateauderolle.ch\/wp-content\/uploads\/2022\/05\/rollevers1650-300x248.jpg 300w, https:\/\/chateauderolle.ch\/wp-content\/uploads\/2022\/05\/rollevers1650-768x636.jpg 768w, https:\/\/chateauderolle.ch\/wp-content\/uploads\/2022\/05\/rollevers1650.jpg 997w\" sizes=\"(max-width: 300px) 100vw, 300px\" \/><figcaption id=\"caption-attachment-459\" class=\"wp-caption-text\">Carte ancienne du bourg de Rolle<\/figcaption><\/figure>\n<p style=\"text-align: left;\"><span style=\"color: #5d909e;\"><strong><span style=\"font-size: 16px;\"><span style=\"font-size: 20px; color: #086b99;\">L&rsquo;essor des villes dans le Pays de Vaud<\/span><\/span><\/strong><strong><span style=\"font-size: 16px;\"><br \/>\n<\/span><\/strong><\/span><span style=\"font-size: 16px;\">La croissance de la population, le trafic international des marchandises passant par le Grand-Saint-Bernard, la volont\u00e9 politique des seigneurs se conjugu\u00e8rent pour favoriser un essor des\u00a0<\/span><span style=\"font-size: 16px;\">villes\u00a0dans le Pays de Vaud, de 1150 \u00e0 1350.<\/span><\/p>\n<p style=\"text-align: left;\"><span style=\"font-size: 16px;\">Les anciennes villes se d\u00e9velopp\u00e8rent et de nouvelles furent fond\u00e9es. Les unes et les autres re\u00e7urent du seigneur dont elles d\u00e9pendaient une charte qui leur accordait des franchises, ou libert\u00e9s : privil\u00e8ges fiscaux (imp\u00f4ts moins lourds que dans les campagnes), avantages commerciaux (\u00e9tablissement de foires, de march\u00e9s), protection juridique (en particulier, garantie contre les arrestations arbitraires et participation \u00e0 la justice). Chaque seigneur tentait d&rsquo;attirer dans la ville qu&rsquo;il avait dot\u00e9e de franchises les paysans du voisinage ; s&rsquo;ils \u00e9taient serfs, ceux-ci obtenaient g\u00e9n\u00e9ralement la libert\u00e9 apr\u00e8s un s\u00e9jour d&rsquo;un an et d&rsquo;un jour en ville.<\/span><\/p>\n<p>&nbsp;<\/p>\n<p><span style=\"color: #086b99;\"><strong><span style=\"font-size: 16px;\"><span style=\"font-size: 20px;\">Environ 60 bourgs<\/span><\/span><\/strong><\/span><span style=\"color: #5d909e;\"><strong><span style=\"font-size: 16px;\"><br \/>\n<\/span><\/strong><\/span><br \/>\n<img loading=\"lazy\" decoding=\"async\" class=\"size-medium wp-image-520 alignleft\" style=\"font-size: 16px;\" src=\"http:\/\/chateauderolle.ch\/wp-content\/uploads\/2022\/05\/ville_moyen_age-300x164.jpg\" alt=\"\" width=\"300\" height=\"164\" srcset=\"https:\/\/chateauderolle.ch\/wp-content\/uploads\/2022\/05\/ville_moyen_age-300x164.jpg 300w, https:\/\/chateauderolle.ch\/wp-content\/uploads\/2022\/05\/ville_moyen_age.jpg 400w\" sizes=\"(max-width: 300px) 100vw, 300px\" \/><span style=\"font-size: 16px;\">Le Pays de Vaud fut particuli\u00e8rement riche en fondations nouvelles (environ 60 bourgs). Elles \u00e9taient situ\u00e9es sur des voies de commerce importantes, comme Villeneuve, fond\u00e9e en 1214, les Cl\u00e9es ou Yverdon, ou dans des positions strat\u00e9giques (bourg fortifi\u00e9 de La Sarraz). Dans certains cas, elles jou\u00e8rent le r\u00f4le de centres r\u00e9gionaux, permettant aux paysans d&rsquo;\u00e9couler leurs produits ou de se tourner vers des activit\u00e9s artisanales. Les comtes de Savoie, les \u00e9v\u00eaques, les grandes familles (Grandson, Montfaucon, Gruy\u00e8re, Neuch\u00e2tel) rivalis\u00e8rent dans ce domaine. Yverdon, fond\u00e9e par Pierre de Savoie en 1260, lui permit de s&rsquo;implanter dans une r\u00e9gion domin\u00e9e par les Grandson et les Montfaucon.<\/span><\/p>\n<p><span style=\"font-size: 16px;\">Trop nombreux et trop proches les uns des autres, beaucoup de ces bourgs ne purent se d\u00e9velopper. Certains ne seront jamais que de petits villages ; d&rsquo;autres, comme les Cl\u00e9es, d\u00e9clin\u00e8rent\u00a0apr\u00e8s un essor r\u00e9jouissant. Contrairement \u00e0 ce qui se passait par exemple en Italie ou en Flandre, les chartes de franchises ne donn\u00e8rent qu&rsquo;exceptionnellement aux villes l&rsquo;autonomie politique. Elles \u00e9taient administr\u00e9es par un ou plusieurs officiers seigneuriaux qui consultaient de cas en cas les bourgeois (les habitants du bourg b\u00e9n\u00e9ficiaire des franchises). Peu \u00e0 peu cependant, des groupes joueront un r\u00f4le important dans l&rsquo;administration urbaine : conseillers g\u00e9rant l&rsquo;hospice, membres du tribunal ou des confr\u00e9ries religieuses seront \u00e0 l&rsquo;origine des organes municipaux.<\/span><\/p>\n<p><span style=\"font-size: 16px;\">D\u00e8s la fin du XIV e si\u00e8cle, la plupart des villes poss\u00e8dent un Conseil g\u00e9n\u00e9ral, qui r\u00e9unit tous les chefs de famille &#8211; hommes ou femmes &#8211; jouissant du droit de bourgeoisie, un Conseil de ville, \u00e9lu par la communaut\u00e9, et des responsables de l&rsquo;administration courante, appel\u00e9s gouverneurs ou syndics.<\/span><\/p>\n<p><span style=\"font-size: 16px;\">Les villes vaudoises se sont satisfaites de cette situation et n&rsquo;ont pas r\u00e9clam\u00e9 leur autonomie politique, \u00e0 l&rsquo;exception de Lausanne. Les Lausannois entr\u00e8rent en r\u00e9bellion contre l&rsquo;\u00e9v\u00eaque, leur seigneur, et proclam\u00e8rent dans les ann\u00e9es 1280 la commune de Lausanne. Cette tentative \u00e9choua. Deux si\u00e8cles plus tard, les communaut\u00e9s de la Cit\u00e9 et de la Ville inf\u00e9rieure (avec les banni\u00e8res de Saint-Laurent, de la Palud, du Pont et de Bourg) s&rsquo;unissent en 1481.<\/span><\/p>\n<\/div>\n","protected":false},"excerpt":{"rendered":"<p>La baronnie de Vaud (1285-1359) Dans l&rsquo;impossibilit\u00e9 de s&rsquo;entendre au sujet de l&rsquo;h\u00e9ritage de leur oncle Philippe, Am\u00e9d\u00e9e et Louis de Savoie choisirent de proc\u00e9der au partage des biens. Am\u00e9d\u00e9e, l&rsquo;a\u00een\u00e9, h\u00e9rita du titre, de la souverainet\u00e9 sur l&rsquo;ensemble des possessions et obtint la Savoie et le Chablais. Louis re\u00e7ut en fief (ou apanage) le&#8230;<\/p>\n","protected":false},"author":1,"featured_media":0,"parent":0,"menu_order":0,"comment_status":"closed","ping_status":"closed","template":"","meta":{"_et_pb_use_builder":"","_et_pb_old_content":"","_et_gb_content_width":"","footnotes":""},"class_list":["post-515","page","type-page","status-publish","hentry"],"_links":{"self":[{"href":"https:\/\/chateauderolle.ch\/index.php\/wp-json\/wp\/v2\/pages\/515","targetHints":{"allow":["GET"]}}],"collection":[{"href":"https:\/\/chateauderolle.ch\/index.php\/wp-json\/wp\/v2\/pages"}],"about":[{"href":"https:\/\/chateauderolle.ch\/index.php\/wp-json\/wp\/v2\/types\/page"}],"author":[{"embeddable":true,"href":"https:\/\/chateauderolle.ch\/index.php\/wp-json\/wp\/v2\/users\/1"}],"replies":[{"embeddable":true,"href":"https:\/\/chateauderolle.ch\/index.php\/wp-json\/wp\/v2\/comments?post=515"}],"version-history":[{"count":16,"href":"https:\/\/chateauderolle.ch\/index.php\/wp-json\/wp\/v2\/pages\/515\/revisions"}],"predecessor-version":[{"id":1406,"href":"https:\/\/chateauderolle.ch\/index.php\/wp-json\/wp\/v2\/pages\/515\/revisions\/1406"}],"wp:attachment":[{"href":"https:\/\/chateauderolle.ch\/index.php\/wp-json\/wp\/v2\/media?parent=515"}],"curies":[{"name":"wp","href":"https:\/\/api.w.org\/{rel}","templated":true}]}}