{"id":551,"date":"2022-05-06T10:58:33","date_gmt":"2022-05-06T08:58:33","guid":{"rendered":"http:\/\/chateauderolle.ch\/?page_id=551"},"modified":"2024-07-03T21:59:01","modified_gmt":"2024-07-03T19:59:01","slug":"fondation","status":"publish","type":"page","link":"https:\/\/chateauderolle.ch\/index.php\/fondation\/","title":{"rendered":"CATALOGUE 1845"},"content":{"rendered":"<p><span style=\"font-size: 20px; color: #5d909e;\"><strong>Avant propos du catalogue de 1845<img loading=\"lazy\" decoding=\"async\" class=\"wp-image-562 alignright\" src=\"http:\/\/chateauderolle.ch\/wp-content\/uploads\/2022\/05\/DSC0446-1024x678-1.jpg\" alt=\"\" width=\"396\" height=\"262\" srcset=\"https:\/\/chateauderolle.ch\/wp-content\/uploads\/2022\/05\/DSC0446-1024x678-1.jpg 1024w, https:\/\/chateauderolle.ch\/wp-content\/uploads\/2022\/05\/DSC0446-1024x678-1-300x199.jpg 300w, https:\/\/chateauderolle.ch\/wp-content\/uploads\/2022\/05\/DSC0446-1024x678-1-768x509.jpg 768w\" sizes=\"(max-width: 396px) 100vw, 396px\" \/><\/strong><\/span><\/p>\n<p style=\"text-align: justify;\"><span style=\"font-size: 16px;\">Depuis nombre d&rsquo;ann\u00e9es, des personnes qui dans cette ville, sentaient les avantages de l&rsquo;instruction d\u00e9siraient qu&rsquo;un <\/span><span style=\"font-size: 16px;\">moyen d&rsquo;en faire jouir le public lui f\u00fbt offert; ce moyen , c&rsquo;\u00e9tait l&rsquo;\u00e9tablissement d&rsquo;une biblioth\u00e8que.<br \/>\n<\/span><br \/>\n<span style=\"font-size: 16px;\">La loi de 1834 et l&rsquo;organisation d&rsquo;\u00e9coles sup\u00e9rieures \u00e0 Rolle vinrent f\u00e9conder cette id\u00e9e. Mais il fallait, pour la d\u00e9velopper <\/span><span style=\"font-size: 16px;\">dans ses cons\u00e9quences essentielles, de ressources p\u00e9cuniaires que la commune \u00e9tait dans l&rsquo;impossibilit\u00e9 de fournir.<br \/>\n<\/span><br \/>\n<span style=\"font-size: 16px;\">Avec la foi qui inspire les entreprises utiles dont le succ\u00e8s n&rsquo;est douteux qu&rsquo;aux regards de ceux qui ne sont point habitu\u00e9s \u00e0 faire entrer Dieu pour beaucoup dans les choses de ce monde, quelques amis des lumi\u00e8res se r\u00e9 unirent, jet\u00e8rent les bases de l&rsquo;\u00e9tablissement, nomm\u00e8rent un comit\u00e9, qui fit un appel \u00e0 la g\u00e9n\u00e9rosit\u00e9 publique, et \u00e0 cet appel il fut r\u00e9pondu par des dons en livres, en argent , et la biblioth\u00e8que fut fond\u00e9e. Des circonstances favorables accrurent rapidement ses richesses scientifiques et litt\u00e9raires. Mais, <\/span><span style=\"font-size: 16px;\">pour les mettre \u00e0 la port\u00e9e de toutes les intelligences et de leurs besoins journaliers, il fallait un catalogue, qui est comme la clef de ce d\u00e9p\u00f4t des connaissances humaines; avec son aide, l&rsquo;ordre est \u00e9tabli et les recherches rendues faciles: c&rsquo;est l&rsquo;\u00e2me, en quelque sorte d&rsquo;un \u00e9tablissement de ce genre, on le consulte, on l&rsquo;interroge, et toujours il r\u00e9pond en guide \u00e9clair\u00e9, complaisant et fid\u00e8le.<br \/>\n<\/span><br \/>\n<span style=\"font-size: 16px;\">En voyant ce catalogue de la biblioth\u00e8que qui poss\u00e8de aujourd&rsquo;hui environ <\/span><span style=\"font-size: 16px;\">12,000 volumes, il semble que sa composition n&rsquo;a co\u00fbt\u00e9 que peu de frais de temps et d&rsquo;intelligence, cependant aucun travail n&rsquo;en exige davantage; c&rsquo;est une science sp\u00e9ciale qu&rsquo;il faut acqu\u00e9rir avant de se mettre \u00e0 l&rsquo;oeuvre. Le comit\u00e9 s&rsquo;assura qu&rsquo;en confiant ce travail \u00e0 une personne qualifi\u00e9e pour le faire, il devait se r\u00e9soudre \u00e0 un sacrifice consid\u00e9rable que ses principes d&rsquo;\u00e9conomie et l&rsquo;\u00e9tat de ses finances ne lui permettaient pas. En pr\u00e9sence de ces difficul<\/span><span style=\"font-size: 16px;\">t\u00e9s, il entreprit lui-m\u00eame la t\u00e2che avec d\u00e9vouement, sans se dissimuler qu&rsquo;elle \u00e9tait peut-\u00eatre au-dessus de ses forces, et aujourd&rsquo;hui il est heureux de pouvoir offrir au public le fruit de ses labeurs.<br \/>\n<\/span><br \/>\n<span style=\"font-size: 16px;\">Les hommes sp\u00e9ciaux dans cette mati\u00e8re trouveront, sans doute, des d\u00e9fauts \u00e0 ce genre de travail. Le comit\u00e9 ne pr\u00e9tend pas \u00e9chapper \u00e0 leurs justes critiques; il se recommande seulement \u00e0 leur indulgence, \u00e0 laquelle les circonstances difficiles de sa position semblent lui donner quelques <\/span><span style=\"font-size: 16px;\">droits. Il n&rsquo;ignore pas que d&rsquo;autres pouvaient mieux faire, mais il a la conscience d&rsquo;avoir fait tout ce qu&rsquo;il a pu.<br \/>\n<\/span><br \/>\n<span style=\"font-size: 16px;\">Quoique le catalogue soit l&rsquo;oeuvre du comit\u00e9, il est vrai de dire, cependant, que plusieurs de ses membres pourraient, en quelque sorte, le revendiquer comme \u00e9tant le fruit de leurs m\u00e9ditations, de leurs \u00e9tudes, de leurs veilles et du sacrifice de jours nombreux. Celte observation est surtout applicable \u00e0 M. Aug. Ernst, biblioth\u00e9caire desservant, dont le d\u00e9vouement ne peut \u00eatre assez appr\u00e9ci\u00e9.<br \/>\n<\/span><br \/>\n<span style=\"font-size: 16px;\">Avant de terminer cet expos\u00e9, le comit\u00e9 \u00e9prouve le besoin de remercier les fondateurs et les bienfaiteurs de cet \u00e9tablissement dont la reconnaissance \u00e0 inscrit les noms dans la liste qui suit ces pages. Ils trouveront aussi la copie de l&rsquo;acte authentique pass\u00e9 entre le comit\u00e9 et la commune de Rolle, par lequel ils verront que la jouissance perp\u00e9tuelle de cette biblioth\u00e8que est acquise au public. Il est bon de leur faire savoir que l&rsquo;autorit\u00e9 municipale l&rsquo;a assur\u00e9e contre les \u00e9ventualit\u00e9s d&rsquo;incendie.<br \/>\n<\/span><br \/>\n<span style=\"font-size: 16px;\">Maintenant, que la g\u00e9n\u00e9ration actuelle et celles qui lui succ\u00e8deront soient d\u00e9sireuses de puiser journellement \u00e0 cette source de lumi\u00e8res et de connaissances propres \u00e0 d\u00e9velopper les facult\u00e9s de l&rsquo;esprit et du coeur; que ces connaissances et ces lumi\u00e8res contribuent au bonheur de la famille, au respect de la religion et des moeurs, \u00e0 la prosp\u00e9rit\u00e9 et \u00e0 la paix publiques!<br \/>\nC&rsquo;est le voeu le plus cher du comit\u00e9.<br \/>\n<\/span><\/p>\n<p style=\"text-align: right;\"><span style=\"font-size: 16px;\">Rolle, 8 Septembre 1845.<\/span><br \/>\n<span style=\"font-size: 16px;\">Le pr\u00e9sident du comit\u00e9:<\/span><br \/>\n<span style=\"font-size: 16px;\">Ch. JUILLERAT.<\/span><\/p>\n","protected":false},"excerpt":{"rendered":"<p>Avant propos du catalogue de 1845 Depuis nombre d&rsquo;ann\u00e9es, des personnes qui dans cette ville, sentaient les avantages de l&rsquo;instruction d\u00e9siraient qu&rsquo;un moyen d&rsquo;en faire jouir le public lui f\u00fbt offert; ce moyen , c&rsquo;\u00e9tait l&rsquo;\u00e9tablissement d&rsquo;une biblioth\u00e8que. La loi de 1834 et l&rsquo;organisation d&rsquo;\u00e9coles sup\u00e9rieures \u00e0 Rolle vinrent f\u00e9conder cette id\u00e9e. Mais il fallait,&#8230;<\/p>\n","protected":false},"author":1,"featured_media":0,"parent":0,"menu_order":0,"comment_status":"closed","ping_status":"closed","template":"","meta":{"_et_pb_use_builder":"","_et_pb_old_content":"","_et_gb_content_width":"","footnotes":""},"class_list":["post-551","page","type-page","status-publish","hentry"],"_links":{"self":[{"href":"https:\/\/chateauderolle.ch\/index.php\/wp-json\/wp\/v2\/pages\/551","targetHints":{"allow":["GET"]}}],"collection":[{"href":"https:\/\/chateauderolle.ch\/index.php\/wp-json\/wp\/v2\/pages"}],"about":[{"href":"https:\/\/chateauderolle.ch\/index.php\/wp-json\/wp\/v2\/types\/page"}],"author":[{"embeddable":true,"href":"https:\/\/chateauderolle.ch\/index.php\/wp-json\/wp\/v2\/users\/1"}],"replies":[{"embeddable":true,"href":"https:\/\/chateauderolle.ch\/index.php\/wp-json\/wp\/v2\/comments?post=551"}],"version-history":[{"count":7,"href":"https:\/\/chateauderolle.ch\/index.php\/wp-json\/wp\/v2\/pages\/551\/revisions"}],"predecessor-version":[{"id":1782,"href":"https:\/\/chateauderolle.ch\/index.php\/wp-json\/wp\/v2\/pages\/551\/revisions\/1782"}],"wp:attachment":[{"href":"https:\/\/chateauderolle.ch\/index.php\/wp-json\/wp\/v2\/media?parent=551"}],"curies":[{"name":"wp","href":"https:\/\/api.w.org\/{rel}","templated":true}]}}