{"id":594,"date":"2022-05-06T22:07:27","date_gmt":"2022-05-06T20:07:27","guid":{"rendered":"http:\/\/chateauderolle.ch\/?page_id=594"},"modified":"2022-05-06T22:14:02","modified_gmt":"2022-05-06T20:14:02","slug":"fondateurs","status":"publish","type":"page","link":"https:\/\/chateauderolle.ch\/index.php\/fondateurs\/","title":{"rendered":"FONDATEURS"},"content":{"rendered":"<p>&nbsp;<\/p>\n<p><span style=\"color: #5d909e;\"><strong><span style=\"font-size: 20px;\">Liste des fondateurs de la biblioth\u00e8que historique<\/span><\/strong><\/span><\/p>\n<table style=\"border-collapse: collapse; width: 100.508%;\">\n<tbody>\n<tr>\n<td style=\"width: 23.4047%; vertical-align: top;\">Mme Addor, \u00e0 Gen\u00e8ve.<br \/>\nMlle Andr\u00e9, Jenny, \u00e0 Rolle.<br \/>\nMM. Appelt, \u00e0 Veret.<br \/>\nArcher, \u00e0 Oujeonnet.<br \/>\nArchinard, C\u00e9sar, \u00e0 Gen\u00e8ve.<br \/>\nAunant, E., \u00e0 Rolle.<br \/>\nBallif, F., \u00e0 Perroy.<br \/>\nBaly, D., \u00e0 Rolle.<br \/>\nBaumann, S., \u00e0 Rolle.<br \/>\nBaup-Ruegg, \u00e0 la Pi\u00e8ce.<br \/>\nMme de Beausobre-Dumartheray<br \/>\nMM. B\u00e9cherrat-Recordon, \u00e0 Rolle.<br \/>\nB\u00e9gue , Ch., \u00e0 Perroy.<br \/>\nBerney, Abr., \u00e0 Rolle.<br \/>\nBerney, Aug., Dr-m., \u00e0 Rolle.<br \/>\nde Biarowsky, W., pasteur, \u00e0 Munich.<br \/>\nBiaudet- Cl\u00e9ment, \u00e0 Paris.<br \/>\nBiaudet-Reymond, greffier, \u00e0 Rolle.<br \/>\nBlanc, Dr-m., \u00e0 Rolle.<br \/>\nBoissier, Edm., \u00e0 Gen\u00e8ve.<br \/>\nBonnard, J.-A., \u00e0 Bugneaux<br \/>\nBurnier, L., min., \u00e0 Morges.<br \/>\nButini-de la Rive, \u00e0 Gen\u00e8ve.<br \/>\nMlle Cabrol, Jenny, \u00e0 Rolle.<br \/>\nMM. Campiche, G., Dr-m., \u00e0 Rolle.<br \/>\nCarnac, \u00e0 Rolle,<br \/>\nMlle Chappuis, \u00e0 Rolle.<br \/>\nM. Ch\u00e2telain, N., \u00e0 Rolle.<br \/>\nMlle Chavannes, Hie., \u00e0 Lausanne.<br \/>\nM. Cherpilloud, \u00e0 Belle-Fontaine.<\/td>\n<td style=\"width: 28.3386%; vertical-align: top;\">MM. Colladon, \u00e0 Rolle.<br \/>\nCoulon, L., \u00e0 Neuch\u00e2tel,<br \/>\nCourties, Dr-m., \u00e0 Bursins.<br \/>\nCu\u00e9nod-Juillerat, ministre, Epenay.<br \/>\nMme Cu\u00e9nod-Juillerat, \u00e0 Epenay<br \/>\nMM. Delamorte , \u00e0 Rolle.<br \/>\nDelessert, A., \u00e0 Choisy.<br \/>\nDemole-Pilet, net., \u00e0 Gen\u00e8ve<br \/>\nMme Diodati, \u00e0 Perroy.<br \/>\nMM. Dubourg-Straubing, \u00e0 Vevey,<br \/>\nDufresne, \u00e0 Vevey, \u00e0 Mme Dufresne, \u00e0 Rolle.<br \/>\nMM. Dumont, B., \u00e0 Perroy.<br \/>\nDumont, Ch., bibi., \u00e0 Laus,<br \/>\nErnst, A., inst., \u00e0 Rolle,<br \/>\nMme Ernst, \u00e0 Rolle.<br \/>\nMlle Ernst, \u00e0 Gen\u00e8ve.<br \/>\nMM. Estrambin, V., inst., \u00e0 Rolle,<br \/>\nEynard, Alfred, \u00e0 Beauiieu.<br \/>\nEynard-Eynard, \u00e0 Fleurs -d&rsquo;eau.<br \/>\nEynard-Lullin, \u00e0 Beauiieu,<br \/>\nFavre-de Saugy , \u00e0 Vich.<br \/>\nFilliettaz, A., \u00e0 Rolle.<br \/>\nFilliettaz, M. S., municipal, \u00e0 Rolle.<br \/>\nFlick, L., municipal, \u00e0 Rolle.<br \/>\nFollet, mun., \u00e0 Rolle.<br \/>\nFrossard, Ch., maj., \u00e0 Vienne.<br \/>\nGauthey, directeur de l&rsquo;\u00c9cole normale, \u00e0 Lausanne.<br \/>\nGautier, Ad., \u00e0 Cologny.<br \/>\nGautier, C\u00e9sar, \u00e0 Rolle.<br \/>\nGenicoud-Recordon, \u00e0 Rolle.<\/td>\n<td style=\"width: 26.665%; vertical-align: top;\">MM. Giral, H., \u00e0 Prangins.<br \/>\nGleyre, past., \u00e0 Rolle.<br \/>\nde Grenus, E., le baron, \u00e0 Gen\u00e8ve.<br \/>\nJuillerat, Ch., syndic, au Rosey.-<br \/>\nJuilierat-Dubied, \u00e0 Rolle.<br \/>\nKervand -Bugnot, receveur, \u00e0 Rolle.<br \/>\nKessmann, J., libr., \u00e0 Gen\u00e8ve.<br \/>\nKuentzli , G., \u00e0 Rolle.<br \/>\nde La Harpe, Ch., institut., Berlin.<br \/>\nde La Harpe , E., cons. d&rsquo;\u00e9tat, \u00e0 Lausanne<br \/>\nMme de La Harpe-Bohtlingk, \u00e0 Lausanne.<br \/>\nMM. de Larrey , \u00e0 Gen\u00e8ve.<br \/>\nLochmann, J.-J., directeur du Coll\u00e9ge<br \/>\nLochmann, L.inst. \u00e0 Morges<br \/>\nLoup, J., instit.,<br \/>\nMallet-d\u2019Hauteville, \u00e0 Gen\u00e8ve<br \/>\nMme May-de Blonay, \u00e0 Vevey.<br \/>\nMM. Mayland, J., \u00e0 Rolle.<br \/>\nMayor &#8211; van dem Bruch , \u00e0 la Gordanne.<br \/>\nMeuron , \u00e0 Dullit.<br \/>\nde Meuron, Th., \u00e0 Neuch\u00e2tel.<br \/>\nMeylan, past., \u00e0 Perroy.<br \/>\nMonnard-Bastian, mun., \u00e0 Rolle.<br \/>\nMonnard-Pittet, ancien pr\u00e9sid., \u00e0 Rolle.<br \/>\nMonneron-Monnard, pasteur \u00e0 Hu\u00e9moz.<br \/>\nMM. Munyard, \u00e0 Francfort s.Main, m., \u00e0 Rolle.<br \/>\nPerret et fils , L., \u00e0 Rolle,<br \/>\nPiot, A , pasteur, \u00e0 l&rsquo;Abbaye.<br \/>\nPr\u00e9laz, L., \u00e0 Rolle. B\u00e9chevel<\/td>\n<td style=\"width: 22.0993%; vertical-align: top;\">Rapin, D., \u00e0 Rolle.<br \/>\nRenevier-Appelt,\u00e0 Rolle.<br \/>\nRilliet-de Candolle, \u00e0 Gen\u00e8ve.<br \/>\nRochat, A., min., \u00e0 Rolle.<br \/>\nRoland , V., \u00e0 Rolle.<br \/>\nMlle Rolaz, Marie, \u00e0 Rolle.<br \/>\nM. Rosset, A.-\u00e0 Bellerive.<br \/>\nMme de Rov\u00e9r\u00e9a , \u00e0 Rolle.<br \/>\nM. Ruegg, Dr.- m., \u00e0 Rolle.<br \/>\nMlle Russier, \u00e0 Rolle.<br \/>\nM. Ruynat, avocat \u00e0 Rolle.<br \/>\nMlle de St.-George, \u00e0 Rolle.<br \/>\nMM. Sch\u00e4rer, S.-G., \u00e0 Bursinel.<br \/>\nSchenker, N., \u00e0 Allaman.<br \/>\nSchwertfeger, cur\u00e9, \u00e0 Rolle.<br \/>\nMme de Sellon, \u00e0 Gen\u00e8ve.<br \/>\nde Sombreuil , \u00e0 Bellerive,<br \/>\nM. Spallinger, A., not., \u00e0 Rolle.<br \/>\nMme Spallinger, \u00e0 Rolle.<br \/>\nM. Stevenson, Dr en ph., \u00e0 Rolle.<br \/>\nMme Terrisse-Vaucher, \u00e0 Neuch\u00e2tel,<br \/>\nMM. Treboux, Eug., \u00e0 Rolle.<br \/>\nMlle de Vincy, \u00e0 Rolle.<br \/>\nMM. Vittel, Ch., pr\u00e9fet, \u00e0 Rolle.<br \/>\nde Watteville de Malessert, \u00e0 Berne.<\/td>\n<\/tr>\n<\/tbody>\n<\/table>\n","protected":false},"excerpt":{"rendered":"<p>&nbsp; Liste des fondateurs de la biblioth\u00e8que historique Mme Addor, \u00e0 Gen\u00e8ve. Mlle Andr\u00e9, Jenny, \u00e0 Rolle. MM. Appelt, \u00e0 Veret. Archer, \u00e0 Oujeonnet. Archinard, C\u00e9sar, \u00e0 Gen\u00e8ve. Aunant, E., \u00e0 Rolle. Ballif, F., \u00e0 Perroy. Baly, D., \u00e0 Rolle. Baumann, S., \u00e0 Rolle. Baup-Ruegg, \u00e0 la Pi\u00e8ce. Mme de Beausobre-Dumartheray MM. B\u00e9cherrat-Recordon, \u00e0 Rolle&#8230;.<\/p>\n","protected":false},"author":1,"featured_media":0,"parent":0,"menu_order":0,"comment_status":"closed","ping_status":"closed","template":"","meta":{"_et_pb_use_builder":"","_et_pb_old_content":"","_et_gb_content_width":"","footnotes":""},"class_list":["post-594","page","type-page","status-publish","hentry"],"_links":{"self":[{"href":"https:\/\/chateauderolle.ch\/index.php\/wp-json\/wp\/v2\/pages\/594","targetHints":{"allow":["GET"]}}],"collection":[{"href":"https:\/\/chateauderolle.ch\/index.php\/wp-json\/wp\/v2\/pages"}],"about":[{"href":"https:\/\/chateauderolle.ch\/index.php\/wp-json\/wp\/v2\/types\/page"}],"author":[{"embeddable":true,"href":"https:\/\/chateauderolle.ch\/index.php\/wp-json\/wp\/v2\/users\/1"}],"replies":[{"embeddable":true,"href":"https:\/\/chateauderolle.ch\/index.php\/wp-json\/wp\/v2\/comments?post=594"}],"version-history":[{"count":7,"href":"https:\/\/chateauderolle.ch\/index.php\/wp-json\/wp\/v2\/pages\/594\/revisions"}],"predecessor-version":[{"id":601,"href":"https:\/\/chateauderolle.ch\/index.php\/wp-json\/wp\/v2\/pages\/594\/revisions\/601"}],"wp:attachment":[{"href":"https:\/\/chateauderolle.ch\/index.php\/wp-json\/wp\/v2\/media?parent=594"}],"curies":[{"name":"wp","href":"https:\/\/api.w.org\/{rel}","templated":true}]}}