{"id":603,"date":"2022-05-06T22:22:57","date_gmt":"2022-05-06T20:22:57","guid":{"rendered":"http:\/\/chateauderolle.ch\/?page_id=603"},"modified":"2023-01-26T22:01:10","modified_gmt":"2023-01-26T21:01:10","slug":"bienfaiteurs","status":"publish","type":"page","link":"https:\/\/chateauderolle.ch\/index.php\/bienfaiteurs\/","title":{"rendered":"BIENFAITEURS"},"content":{"rendered":"<p><span style=\"font-size: 20px; color: #5d909e;\"><strong>Bienfaiteurs de la biblioth\u00e8que de Rolle<img loading=\"lazy\" decoding=\"async\" class=\"wp-image-385 alignleft\" src=\"http:\/\/chateauderolle.ch\/wp-content\/uploads\/2022\/05\/DSC0464.jpg\" alt=\"\" width=\"466\" height=\"309\" srcset=\"https:\/\/chateauderolle.ch\/wp-content\/uploads\/2022\/05\/DSC0464.jpg 500w, https:\/\/chateauderolle.ch\/wp-content\/uploads\/2022\/05\/DSC0464-300x199.jpg 300w\" sizes=\"(max-width: 466px) 100vw, 466px\" \/><\/strong><\/span><\/p>\n<table style=\"border-collapse: collapse; width: 100.948%;\">\n<tbody>\n<tr>\n<th style=\"width: 55.1867%; background-color: #bcd9e6; vertical-align: top; text-align: left;\" scope=\"col\">MM. Achard, Abr. Agassis, L.<br \/>\nArquin , F.<br \/>\nBaudrich, J.<br \/>\nB\u00e9chevet, F.<br \/>\nMmes Blondel.<br \/>\nBonnaz.<br \/>\nM. de Bonneville.<br \/>\nMme Bugnot-Richard.<br \/>\nMM. Cath\u00e9laz, J.-L.<br \/>\nCauderay, L..<br \/>\nChanson, M.<br \/>\nClavel , J.-L.<br \/>\nDubois, E.<br \/>\nMme Dubourg-Straubing.<br \/>\nMM. Dufour, M.-F.<br \/>\nFevot , Abr.<br \/>\nGaucheron, Ad.<br \/>\nGaullieur, H.-E.<br \/>\nGleyre , A.<br \/>\nMme Gostling.<br \/>\nGrilly.<br \/>\nGuignard-Monod.<br \/>\nMM. Herminjard, C.-N.-L.<br \/>\nJaques, H.-L.<br \/>\nJaggy , B.<br \/>\nJaggy, L.<br \/>\nMme Kervand-Paganetto.<br \/>\nMM. Kuentzy, H.<br \/>\nLamy, J.<br \/>\nLecoultre, A.<br \/>\nMarcel , H.<br \/>\nMerminod , H.<\/th>\n<th style=\"width: 61.6234%; background-color: #bcd9e6; vertical-align: top; text-align: left;\" scope=\"col\">MM. Monnard-Montgilland.<br \/>\nMorgenroth, A.M\u00fcller.<br \/>\nNoblet.<br \/>\nPerret-Durand.<br \/>\nPonnaz, L.<br \/>\nMme Progler.<br \/>\nMM. Recordon , H.-J.<br \/>\nReichenbach, J.<br \/>\nR\u00e9mund-Bron.<br \/>\nMlle Rilliet.<br \/>\nM. Rossier.<br \/>\nMlles Rousseau.<br \/>\nMM. Rusillon,<br \/>\nF. Sauvet, M.<br \/>\nSchmid, Abr.<br \/>\nMlle Sordet.<br \/>\nMM. Spallinger,<br \/>\nE. Turrian-Tschantz.<br \/>\nTuscher-Bar\u2022bezat.<br \/>\nMme Vallotton-Nal.<br \/>\nMM. Vallotton.<br \/>\nVittel, D.<br \/>\nWidmayer , H.<br \/>\nWidmayer, L.Le Conseil d&rsquo;\u00c9tat du Canton de Vaud.<br \/>\nLe Conseil de l&rsquo;instruction pub!ique.<br \/>\nLe Comit\u00e9 d\u2019inspection<br \/>\ndu Coll\u00e9ge-Ecole-moyenne de Rolle.<br \/>\nLe Comit\u00e9 de la soc. \u00e9vang\u00e9lique de Rolle.<br \/>\nLe Comit\u00e9 de la biblioth\u00e8que religieuse de Rolle.<br \/>\nQuelques dames de Rolle.<\/th>\n<\/tr>\n<\/tbody>\n<\/table>\n","protected":false},"excerpt":{"rendered":"<p>Bienfaiteurs de la biblioth\u00e8que de Rolle MM. Achard, Abr. Agassis, L. Arquin , F. Baudrich, J. B\u00e9chevet, F. Mmes Blondel. Bonnaz. M. de Bonneville. Mme Bugnot-Richard. MM. Cath\u00e9laz, J.-L. Cauderay, L.. Chanson, M. Clavel , J.-L. Dubois, E. Mme Dubourg-Straubing. MM. Dufour, M.-F. Fevot , Abr. Gaucheron, Ad. Gaullieur, H.-E. Gleyre , A. Mme Gostling&#8230;.<\/p>\n","protected":false},"author":1,"featured_media":0,"parent":0,"menu_order":0,"comment_status":"closed","ping_status":"closed","template":"","meta":{"_et_pb_use_builder":"","_et_pb_old_content":"","_et_gb_content_width":"","footnotes":""},"class_list":["post-603","page","type-page","status-publish","hentry"],"_links":{"self":[{"href":"https:\/\/chateauderolle.ch\/index.php\/wp-json\/wp\/v2\/pages\/603","targetHints":{"allow":["GET"]}}],"collection":[{"href":"https:\/\/chateauderolle.ch\/index.php\/wp-json\/wp\/v2\/pages"}],"about":[{"href":"https:\/\/chateauderolle.ch\/index.php\/wp-json\/wp\/v2\/types\/page"}],"author":[{"embeddable":true,"href":"https:\/\/chateauderolle.ch\/index.php\/wp-json\/wp\/v2\/users\/1"}],"replies":[{"embeddable":true,"href":"https:\/\/chateauderolle.ch\/index.php\/wp-json\/wp\/v2\/comments?post=603"}],"version-history":[{"count":16,"href":"https:\/\/chateauderolle.ch\/index.php\/wp-json\/wp\/v2\/pages\/603\/revisions"}],"predecessor-version":[{"id":1529,"href":"https:\/\/chateauderolle.ch\/index.php\/wp-json\/wp\/v2\/pages\/603\/revisions\/1529"}],"wp:attachment":[{"href":"https:\/\/chateauderolle.ch\/index.php\/wp-json\/wp\/v2\/media?parent=603"}],"curies":[{"name":"wp","href":"https:\/\/api.w.org\/{rel}","templated":true}]}}